{"id":988120,"date":"2025-03-06T00:16:56","date_gmt":"2025-03-06T00:16:56","guid":{"rendered":"https:\/\/www.freshlabel.nl\/mzg\/?page_id=988120"},"modified":"2025-03-26T15:18:13","modified_gmt":"2025-03-26T15:18:13","slug":"impressum","status":"publish","type":"page","link":"https:\/\/menzingmim.nl\/nl\/impressum\/","title":{"rendered":"Impressum"},"content":{"rendered":"<div data-elementor-type=\"wp-page\" data-elementor-id=\"988120\" class=\"elementor elementor-988120\" data-elementor-post-type=\"page\">\n\t\t\t\t\t\t<section class=\"elementor-section elementor-top-section elementor-element elementor-element-f7be61b elementor-section-boxed elementor-section-height-default elementor-section-height-default\" data-id=\"f7be61b\" data-element_type=\"section\">\n\t\t\t\t\t\t<div class=\"elementor-container elementor-column-gap-no\">\n\t\t\t\t\t<div class=\"elementor-column elementor-col-50 elementor-top-column elementor-element elementor-element-4b13d00\" data-id=\"4b13d00\" data-element_type=\"column\">\n\t\t\t<div class=\"elementor-widget-wrap elementor-element-populated\">\n\t\t\t\t\t\t<div class=\"elementor-element elementor-element-1ad8634 elementor-position-right elementor-widget__width-auto elementor-mobile-position-right elementor-widget-mobile__width-auto elementor-vertical-align-middle elementor-view-default elementor-invisible elementor-widget elementor-widget-icon-box\" data-id=\"1ad8634\" data-element_type=\"widget\" data-settings=\"{&quot;_animation&quot;:&quot;slideInUp&quot;,&quot;_animation_tablet&quot;:&quot;none&quot;}\" data-widget_type=\"icon-box.default\">\n\t\t\t\t<div class=\"elementor-widget-container\">\n\t\t\t\t\t\t\t<div class=\"elementor-icon-box-wrapper\">\n\n\t\t\t\t\t\t<div class=\"elementor-icon-box-icon\">\n\t\t\t\t<span  class=\"elementor-icon\">\n\t\t\t\t<i aria-hidden=\"true\" class=\"vamtamtheme- vamtam-theme-line-titles\"><\/i>\t\t\t\t<\/span>\n\t\t\t<\/div>\n\t\t\t\n\t\t\t\t\t\t<div class=\"elementor-icon-box-content\">\n\n\t\t\t\t\t\t\t\t\t<span class=\"elementor-icon-box-title\">\n\t\t\t\t\t\t<span  >\n\t\t\t\t\t\t\tInformation\t\t\t\t\t\t<\/span>\n\t\t\t\t\t<\/span>\n\t\t\t\t\n\t\t\t\t\n\t\t\t<\/div>\n\t\t\t\n\t\t<\/div>\n\t\t\t\t\t\t<\/div>\n\t\t\t\t<\/div>\n\t\t\t\t<div class=\"elementor-element elementor-element-7d247c5 elementor-widget elementor-widget-heading\" data-id=\"7d247c5\" data-element_type=\"widget\" data-widget_type=\"heading.default\">\n\t\t\t\t<div class=\"elementor-widget-container\">\n\t\t\t\t\t<h1 class=\"elementor-heading-title elementor-size-default\">Impressum<\/h1>\t\t\t\t<\/div>\n\t\t\t\t<\/div>\n\t\t\t\t\t<\/div>\n\t\t<\/div>\n\t\t\t\t<div class=\"elementor-column elementor-col-50 elementor-top-column elementor-element elementor-element-f733752\" data-id=\"f733752\" data-element_type=\"column\">\n\t\t\t<div class=\"elementor-widget-wrap\">\n\t\t\t\t\t\t\t<\/div>\n\t\t<\/div>\n\t\t\t\t\t<\/div>\n\t\t<\/section>\n\t\t\t\t<section class=\"elementor-section elementor-top-section elementor-element elementor-element-fb5b776 elementor-section-boxed elementor-section-height-default elementor-section-height-default\" data-id=\"fb5b776\" data-element_type=\"section\">\n\t\t\t\t\t\t<div class=\"elementor-container elementor-column-gap-no\">\n\t\t\t\t\t<div class=\"elementor-column elementor-col-100 elementor-top-column elementor-element elementor-element-2121bc4\" data-id=\"2121bc4\" data-element_type=\"column\">\n\t\t\t<div class=\"elementor-widget-wrap elementor-element-populated\">\n\t\t\t\t\t\t<div class=\"elementor-element elementor-element-1ade8c6 elementor-widget elementor-widget-text-editor\" data-id=\"1ade8c6\" data-element_type=\"widget\" data-widget_type=\"text-editor.default\">\n\t\t\t\t<div class=\"elementor-widget-container\">\n\t\t\t\t\t\t\t\t\t<p>Impressumsangaben nach Telemediengesetz:<br \/>Mechanische Industrie Menzing b.v.<br \/>Postbus 123<br \/>NL-7480 AC Haaksbergen<\/p><p>Telefon: +31 (0)53 5723915<br \/>Fax: +31 (0)53 5723925<\/p><p>info@menzingmim.de<br \/>www.menzingmim.nl\/de<\/p><p>Firmenname:<br \/>Mechanische Industrie Menzing b.v.<br \/>Firmensitz:<br \/>Nijverheidsstraat 5<br \/>NL-7482 GZ Haaksbergen<br \/>Gesch\u00e4ftsf\u00fchrer:<br \/>Herr Bernie van Leeuwen \/ Herr Johan Kasper<br \/>BTW nr: NL005733819B01<br \/>Inhaltlich Verantwortlicher nach \u00a7 5 TMG \/ \u00a7 55 RStV:<br \/>Herr Bernie van Leeuwen \/ Herr Johan Kasper<br \/>Kamer van Koophandel: 06045430<\/p><p>Haftungsausschlu\u00df:<\/p><p>Mit Gerichtsentscheid vom 12. Mai 1998 hat das Landgericht Hamburg erkl\u00e4rt, dass man durch die Anbringung und Verwendung von Links (Verkn\u00fcpfungen) zu anderen Internetseiten deren Inhalte ggf. mit zu verantworten hat. Dies kann laut der Entscheidung des Landgerichts nur dadurch verhindert werden, dass man sich explizit von diesen Inhalten distanziert. Wir haben auf verschiedenen Seiten unserer Homepage sowie anderen zu unserem Unternehmen geh\u00f6renden Seiten Links zu anderen Internetseiten anderer Anbieter verwendet.<\/p><p>F\u00fcr all diese Links gilt: Wir m\u00f6chten deutlich betonen, da\u00df wir keinerlei Einflu\u00df auf die Gestaltung und die Inhalte der von uns verlinkten Seiten haben. Deshalb distanzieren wir uns hiermit ausdr\u00fccklich von allen Inhalten aller verlinkten Seiten auf unserer Homepage und machen uns ihre Inhalte nicht zu eigen. Wir \u00fcbernehmen keinerlei Haftung f\u00fcr die Inhalte der Seiten, auf die von unseren eigenen Seiten aus verwiesen wird.<\/p><p>Alle in unseren Internetseiten enthaltenen Angaben und Informationen wurden sorgf\u00e4ltig recherchiert und gepr\u00fcft. Alle Angaben erfolgen ohne Gew\u00e4hr. Druckfehler und Irrt\u00fcmer vorbehalten. Wir behalten uns das Recht vor, jederzeit und ohne Vorank\u00fcndigungen \u00c4nderungen und Erg\u00e4nzungen vorzunehmen. Unser Angebot ist freibleibend. F\u00fcr Vollst\u00e4ndigkeit, Aktualit\u00e4t und Richtigkeit kann keine Haftung \u00fcbernommen werden.<\/p><p>Desweiteren k\u00f6nnen unsere Seiten ohne unser Wissen von einer anderen Seite verlinkt worden sein. Wir \u00fcbernehmen keine Haftung f\u00fcr die Inhalte dieser verlinkenden Internetseiten Dritter. Die Behandlung s\u00e4mtlicher Daten erfolgt im Rahmen der geltenden gesetzlichen Datenschutzbestimmungen. Sie werden hiermit gem\u00e4\u00df \u00a7 33 Abs.1 Bundesdatenschutzgesetz davon unterrichtet, dass Ihre personenbezogenen Daten, soweit erforderlich, in maschinenlesbarer Form gespeichert werden k\u00f6nnen. Eine Weitergabe an unberechtigte Dritte wird in jedem Fall ausgeschlossen.<\/p>\t\t\t\t\t\t\t\t<\/div>\n\t\t\t\t<\/div>\n\t\t\t\t\t<\/div>\n\t\t<\/div>\n\t\t\t\t\t<\/div>\n\t\t<\/section>\n\t\t\t\t<\/div>","protected":false},"excerpt":{"rendered":"<p>Information Impressum Impressumsangaben nach Telemediengesetz:Mechanische Industrie Menzing b.v.Postbus 123NL-7480 AC Haaksbergen Telefon: +31 (0)53 5723915Fax: +31 (0)53 5723925 info@menzingmim.dewww.menzingmim.nl\/de Firmenname:Mechanische Industrie Menzing b.v.Firmensitz:Nijverheidsstraat 5NL-7482 GZ HaaksbergenGesch\u00e4ftsf\u00fchrer:Herr Bernie van Leeuwen \/ Herr Johan KasperBTW nr: NL005733819B01Inhaltlich Verantwortlicher nach \u00a7 5 TMG \/ \u00a7 55 RStV:Herr Bernie van Leeuwen \/ Herr Johan KasperKamer van Koophandel: 06045430 Haftungsausschlu\u00df:&#8230;<\/p>","protected":false},"author":1,"featured_media":0,"parent":0,"menu_order":0,"comment_status":"closed","ping_status":"closed","template":"","meta":{"footnotes":""},"class_list":["post-988120","page","type-page","status-publish","hentry"],"yoast_head":"<!-- This site is optimized with the Yoast SEO plugin v24.2 - https:\/\/yoast.com\/wordpress\/plugins\/seo\/ -->\n<title>Impressum - MZG<\/title>\n<meta name=\"robots\" content=\"index, follow, max-snippet:-1, max-image-preview:large, max-video-preview:-1\" \/>\n<link rel=\"canonical\" href=\"https:\/\/menzingmim.nl\/nl\/impressum\/\" \/>\n<meta property=\"og:locale\" content=\"nl_NL\" \/>\n<meta property=\"og:type\" content=\"article\" \/>\n<meta property=\"og:title\" content=\"Impressum - MZG\" \/>\n<meta property=\"og:description\" content=\"Information Impressum Impressumsangaben nach Telemediengesetz:Mechanische Industrie Menzing b.v.Postbus 123NL-7480 AC Haaksbergen Telefon: +31 (0)53 5723915Fax: +31 (0)53 5723925 info@menzingmim.dewww.menzingmim.nl\/de Firmenname:Mechanische Industrie Menzing b.v.Firmensitz:Nijverheidsstraat 5NL-7482 GZ HaaksbergenGesch\u00e4ftsf\u00fchrer:Herr Bernie van Leeuwen \/ Herr Johan KasperBTW nr: NL005733819B01Inhaltlich Verantwortlicher nach \u00a7 5 TMG \/ \u00a7 55 RStV:Herr Bernie van Leeuwen \/ Herr Johan KasperKamer van Koophandel: 06045430 Haftungsausschlu\u00df:...\" \/>\n<meta property=\"og:url\" content=\"https:\/\/menzingmim.nl\/nl\/impressum\/\" \/>\n<meta property=\"og:site_name\" content=\"MZG\" \/>\n<meta property=\"article:modified_time\" content=\"2025-03-26T15:18:13+00:00\" \/>\n<meta name=\"twitter:card\" content=\"summary_large_image\" \/>\n<meta name=\"twitter:label1\" content=\"Geschatte leestijd\" \/>\n\t<meta name=\"twitter:data1\" content=\"2 minuten\" \/>\n<script type=\"application\/ld+json\" class=\"yoast-schema-graph\">{\"@context\":\"https:\/\/schema.org\",\"@graph\":[{\"@type\":\"WebPage\",\"@id\":\"https:\/\/menzingmim.nl\/impressum\/\",\"url\":\"https:\/\/menzingmim.nl\/impressum\/\",\"name\":\"Impressum - MZG\",\"isPartOf\":{\"@id\":\"https:\/\/menzingmim.nl\/#website\"},\"datePublished\":\"2025-03-06T00:16:56+00:00\",\"dateModified\":\"2025-03-26T15:18:13+00:00\",\"breadcrumb\":{\"@id\":\"https:\/\/menzingmim.nl\/impressum\/#breadcrumb\"},\"inLanguage\":\"nl-NL\",\"potentialAction\":[{\"@type\":\"ReadAction\",\"target\":[\"https:\/\/menzingmim.nl\/impressum\/\"]}]},{\"@type\":\"BreadcrumbList\",\"@id\":\"https:\/\/menzingmim.nl\/impressum\/#breadcrumb\",\"itemListElement\":[{\"@type\":\"ListItem\",\"position\":1,\"name\":\"Home\",\"item\":\"https:\/\/menzingmim.nl\/\"},{\"@type\":\"ListItem\",\"position\":2,\"name\":\"Impressum\"}]},{\"@type\":\"WebSite\",\"@id\":\"https:\/\/menzingmim.nl\/#website\",\"url\":\"https:\/\/menzingmim.nl\/\",\"name\":\"MZG\",\"description\":\"Engineering Your Mission: Precision in Every Piece\",\"publisher\":{\"@id\":\"https:\/\/menzingmim.nl\/#organization\"},\"potentialAction\":[{\"@type\":\"SearchAction\",\"target\":{\"@type\":\"EntryPoint\",\"urlTemplate\":\"https:\/\/menzingmim.nl\/?s={search_term_string}\"},\"query-input\":{\"@type\":\"PropertyValueSpecification\",\"valueRequired\":true,\"valueName\":\"search_term_string\"}}],\"inLanguage\":\"nl-NL\"},{\"@type\":\"Organization\",\"@id\":\"https:\/\/menzingmim.nl\/#organization\",\"name\":\"MZG\",\"url\":\"https:\/\/menzingmim.nl\/\",\"logo\":{\"@type\":\"ImageObject\",\"inLanguage\":\"nl-NL\",\"@id\":\"https:\/\/menzingmim.nl\/#\/schema\/logo\/image\/\",\"url\":\"https:\/\/menzingmim.nl\/freshlabel\/wp-content\/uploads\/2022\/09\/Body-2.png\",\"contentUrl\":\"https:\/\/menzingmim.nl\/freshlabel\/wp-content\/uploads\/2022\/09\/Body-2.png\",\"width\":300,\"height\":75,\"caption\":\"MZG\"},\"image\":{\"@id\":\"https:\/\/menzingmim.nl\/#\/schema\/logo\/image\/\"}}]}<\/script>\n<!-- \/ Yoast SEO plugin. -->","yoast_head_json":{"title":"Impressum - MZG","robots":{"index":"index","follow":"follow","max-snippet":"max-snippet:-1","max-image-preview":"max-image-preview:large","max-video-preview":"max-video-preview:-1"},"canonical":"https:\/\/menzingmim.nl\/nl\/impressum\/","og_locale":"nl_NL","og_type":"article","og_title":"Impressum - MZG","og_description":"Information Impressum Impressumsangaben nach Telemediengesetz:Mechanische Industrie Menzing b.v.Postbus 123NL-7480 AC Haaksbergen Telefon: +31 (0)53 5723915Fax: +31 (0)53 5723925 info@menzingmim.dewww.menzingmim.nl\/de Firmenname:Mechanische Industrie Menzing b.v.Firmensitz:Nijverheidsstraat 5NL-7482 GZ HaaksbergenGesch\u00e4ftsf\u00fchrer:Herr Bernie van Leeuwen \/ Herr Johan KasperBTW nr: NL005733819B01Inhaltlich Verantwortlicher nach \u00a7 5 TMG \/ \u00a7 55 RStV:Herr Bernie van Leeuwen \/ Herr Johan KasperKamer van Koophandel: 06045430 Haftungsausschlu\u00df:...","og_url":"https:\/\/menzingmim.nl\/nl\/impressum\/","og_site_name":"MZG","article_modified_time":"2025-03-26T15:18:13+00:00","twitter_card":"summary_large_image","twitter_misc":{"Geschatte leestijd":"2 minuten"},"schema":{"@context":"https:\/\/schema.org","@graph":[{"@type":"WebPage","@id":"https:\/\/menzingmim.nl\/impressum\/","url":"https:\/\/menzingmim.nl\/impressum\/","name":"Impressum - MZG","isPartOf":{"@id":"https:\/\/menzingmim.nl\/#website"},"datePublished":"2025-03-06T00:16:56+00:00","dateModified":"2025-03-26T15:18:13+00:00","breadcrumb":{"@id":"https:\/\/menzingmim.nl\/impressum\/#breadcrumb"},"inLanguage":"nl-NL","potentialAction":[{"@type":"ReadAction","target":["https:\/\/menzingmim.nl\/impressum\/"]}]},{"@type":"BreadcrumbList","@id":"https:\/\/menzingmim.nl\/impressum\/#breadcrumb","itemListElement":[{"@type":"ListItem","position":1,"name":"Home","item":"https:\/\/menzingmim.nl\/"},{"@type":"ListItem","position":2,"name":"Impressum"}]},{"@type":"WebSite","@id":"https:\/\/menzingmim.nl\/#website","url":"https:\/\/menzingmim.nl\/","name":"MZG","description":"Engineering Your Mission: Precision in Every Piece","publisher":{"@id":"https:\/\/menzingmim.nl\/#organization"},"potentialAction":[{"@type":"SearchAction","target":{"@type":"EntryPoint","urlTemplate":"https:\/\/menzingmim.nl\/?s={search_term_string}"},"query-input":{"@type":"PropertyValueSpecification","valueRequired":true,"valueName":"search_term_string"}}],"inLanguage":"nl-NL"},{"@type":"Organization","@id":"https:\/\/menzingmim.nl\/#organization","name":"MZG","url":"https:\/\/menzingmim.nl\/","logo":{"@type":"ImageObject","inLanguage":"nl-NL","@id":"https:\/\/menzingmim.nl\/#\/schema\/logo\/image\/","url":"https:\/\/menzingmim.nl\/freshlabel\/wp-content\/uploads\/2022\/09\/Body-2.png","contentUrl":"https:\/\/menzingmim.nl\/freshlabel\/wp-content\/uploads\/2022\/09\/Body-2.png","width":300,"height":75,"caption":"MZG"},"image":{"@id":"https:\/\/menzingmim.nl\/#\/schema\/logo\/image\/"}}]}},"_links":{"self":[{"href":"https:\/\/menzingmim.nl\/nl\/wp-json\/wp\/v2\/pages\/988120","targetHints":{"allow":["GET"]}}],"collection":[{"href":"https:\/\/menzingmim.nl\/nl\/wp-json\/wp\/v2\/pages"}],"about":[{"href":"https:\/\/menzingmim.nl\/nl\/wp-json\/wp\/v2\/types\/page"}],"author":[{"embeddable":true,"href":"https:\/\/menzingmim.nl\/nl\/wp-json\/wp\/v2\/users\/1"}],"replies":[{"embeddable":true,"href":"https:\/\/menzingmim.nl\/nl\/wp-json\/wp\/v2\/comments?post=988120"}],"version-history":[{"count":16,"href":"https:\/\/menzingmim.nl\/nl\/wp-json\/wp\/v2\/pages\/988120\/revisions"}],"predecessor-version":[{"id":988243,"href":"https:\/\/menzingmim.nl\/nl\/wp-json\/wp\/v2\/pages\/988120\/revisions\/988243"}],"wp:attachment":[{"href":"https:\/\/menzingmim.nl\/nl\/wp-json\/wp\/v2\/media?parent=988120"}],"curies":[{"name":"wp","href":"https:\/\/api.w.org\/{rel}","templated":true}]}}