{"id":987986,"date":"2025-01-24T10:35:10","date_gmt":"2025-01-24T10:35:10","guid":{"rendered":"https:\/\/www.freshlabel.nl\/mzg\/?page_id=987986"},"modified":"2025-03-11T22:47:23","modified_gmt":"2025-03-11T22:47:23","slug":"quality","status":"publish","type":"page","link":"https:\/\/menzingmim.nl\/de\/services\/quality\/","title":{"rendered":"Qualit\u00e4t"},"content":{"rendered":"<div data-elementor-type=\"wp-page\" data-elementor-id=\"987986\" class=\"elementor elementor-987986\" data-elementor-post-type=\"page\">\n\t\t\t\t\t\t<section class=\"elementor-section elementor-top-section elementor-element elementor-element-d32a041 elementor-section-boxed elementor-section-height-default elementor-section-height-default\" data-id=\"d32a041\" data-element_type=\"section\">\n\t\t\t\t\t\t<div class=\"elementor-container elementor-column-gap-no\">\n\t\t\t\t\t<div class=\"elementor-column elementor-col-50 elementor-top-column elementor-element elementor-element-e223cb2\" data-id=\"e223cb2\" data-element_type=\"column\">\n\t\t\t<div class=\"elementor-widget-wrap elementor-element-populated\">\n\t\t\t\t\t\t<div class=\"elementor-element elementor-element-c340ade elementor-position-right elementor-widget__width-auto elementor-mobile-position-right elementor-widget-mobile__width-auto elementor-vertical-align-middle elementor-view-default elementor-invisible elementor-widget elementor-widget-icon-box\" data-id=\"c340ade\" data-element_type=\"widget\" data-settings=\"{&quot;_animation&quot;:&quot;slideInUp&quot;,&quot;_animation_tablet&quot;:&quot;none&quot;}\" data-widget_type=\"icon-box.default\">\n\t\t\t\t<div class=\"elementor-widget-container\">\n\t\t\t\t\t\t\t<div class=\"elementor-icon-box-wrapper\">\n\n\t\t\t\t\t\t<div class=\"elementor-icon-box-icon\">\n\t\t\t\t<span  class=\"elementor-icon\">\n\t\t\t\t<i aria-hidden=\"true\" class=\"vamtamtheme- vamtam-theme-line-titles\"><\/i>\t\t\t\t<\/span>\n\t\t\t<\/div>\n\t\t\t\n\t\t\t\t\t\t<div class=\"elementor-icon-box-content\">\n\n\t\t\t\t\t\t\t\t\t<span class=\"elementor-icon-box-title\">\n\t\t\t\t\t\t<span  >\n\t\t\t\t\t\t\tHervorragende Leistungen erbringen\t\t\t\t\t\t<\/span>\n\t\t\t\t\t<\/span>\n\t\t\t\t\n\t\t\t\t\n\t\t\t<\/div>\n\t\t\t\n\t\t<\/div>\n\t\t\t\t\t\t<\/div>\n\t\t\t\t<\/div>\n\t\t\t\t<div class=\"elementor-element elementor-element-f24503a elementor-widget elementor-widget-heading\" data-id=\"f24503a\" data-element_type=\"widget\" data-widget_type=\"heading.default\">\n\t\t\t\t<div class=\"elementor-widget-container\">\n\t\t\t\t\t<h1 class=\"elementor-heading-title elementor-size-default\">Qualit\u00e4tsverpflichtung<\/h1>\t\t\t\t<\/div>\n\t\t\t\t<\/div>\n\t\t\t\t\t<\/div>\n\t\t<\/div>\n\t\t\t\t<div class=\"elementor-column elementor-col-50 elementor-top-column elementor-element elementor-element-222fe62\" data-id=\"222fe62\" data-element_type=\"column\">\n\t\t\t<div class=\"elementor-widget-wrap elementor-element-populated\">\n\t\t\t\t\t\t<div class=\"elementor-element elementor-element-498e7b3 elementor-widget elementor-widget-text-editor\" data-id=\"498e7b3\" data-element_type=\"widget\" data-widget_type=\"text-editor.default\">\n\t\t\t\t<div class=\"elementor-widget-container\">\n\t\t\t\t\t\t\t\t\t<p>Bei Menzing ist Qualit\u00e4t die Grundlage f\u00fcr alles, was wir tun. Von der Materialbeschaffung bis hin zur Feinmechanik sind wir bestrebt, Produkte zu liefern, die den h\u00f6chsten Anspr\u00fcchen an Leistung und Zuverl\u00e4ssigkeit gen\u00fcgen. Unser Engagement f\u00fcr Qualit\u00e4t hat uns das Vertrauen f\u00fchrender Unternehmen aus verschiedenen Branchen eingebracht.<\/p>\t\t\t\t\t\t\t\t<\/div>\n\t\t\t\t<\/div>\n\t\t\t\t\t<\/div>\n\t\t<\/div>\n\t\t\t\t\t<\/div>\n\t\t<\/section>\n\t\t\t\t<section class=\"elementor-section elementor-top-section elementor-element elementor-element-aa2134c elementor-section-full_width elementor-section-height-min-height elementor-section-stretched elementor-section-height-default elementor-section-items-middle\" data-id=\"aa2134c\" data-element_type=\"section\" data-settings=\"{&quot;background_background&quot;:&quot;classic&quot;,&quot;stretch_section&quot;:&quot;section-stretched&quot;}\">\n\t\t\t\t\t\t<div class=\"elementor-container elementor-column-gap-default\">\n\t\t\t\t\t<div class=\"elementor-column elementor-col-100 elementor-top-column elementor-element elementor-element-73329ac\" data-id=\"73329ac\" data-element_type=\"column\">\n\t\t\t<div class=\"elementor-widget-wrap\">\n\t\t\t\t\t\t\t<\/div>\n\t\t<\/div>\n\t\t\t\t\t<\/div>\n\t\t<\/section>\n\t\t\t\t<section class=\"elementor-section elementor-top-section elementor-element elementor-element-de41543 elementor-section-content-middle elementor-section-boxed elementor-section-height-default elementor-section-height-default\" data-id=\"de41543\" data-element_type=\"section\">\n\t\t\t\t\t\t<div class=\"elementor-container elementor-column-gap-no\">\n\t\t\t\t\t<div class=\"elementor-column elementor-col-50 elementor-top-column elementor-element elementor-element-745bdd6\" data-id=\"745bdd6\" data-element_type=\"column\">\n\t\t\t<div class=\"elementor-widget-wrap elementor-element-populated\">\n\t\t\t\t\t\t<div class=\"elementor-element elementor-element-8fdefe1 elementor-widget elementor-widget-heading\" data-id=\"8fdefe1\" data-element_type=\"widget\" data-widget_type=\"heading.default\">\n\t\t\t\t<div class=\"elementor-widget-container\">\n\t\t\t\t\t<h3 class=\"elementor-heading-title elementor-size-default\">Unser Ansatz<\/h3>\t\t\t\t<\/div>\n\t\t\t\t<\/div>\n\t\t\t\t<div class=\"elementor-element elementor-element-c865991 elementor-widget elementor-widget-text-editor\" data-id=\"c865991\" data-element_type=\"widget\" data-widget_type=\"text-editor.default\">\n\t\t\t\t<div class=\"elementor-widget-container\">\n\t\t\t\t\t\t\t\t\t<p><strong>Exzellenz bei jedem Schritt<\/strong><br \/>Qualit\u00e4t ist bei Menzing ein integraler Bestandteil unseres Prozesses. Vom Eingang der Rohmaterialien bis zur Auslieferung der fertigen Komponenten halten wir uns an strenge Standards, um Pr\u00e4zision, Zuverl\u00e4ssigkeit und Konsistenz zu gew\u00e4hrleisten. Unser qualifiziertes Team arbeitet mit hochmodernen Maschinen und sorgf\u00e4ltig ausgefeilten Prozessen, um Produkte herzustellen, die auch den anspruchsvollsten Anwendungen gerecht werden.<\/p><p><strong>Kontinuierliche Qualit\u00e4tskontrolle<\/strong><br \/>Unser Produktionsablauf umfasst strenge Qualit\u00e4tskontrollma\u00dfnahmen, um die h\u00f6chsten Standards aufrechtzuerhalten. Die Materialien und Komponenten werden w\u00e4hrend des gesamten Herstellungsprozesses in wichtigen Phasen gepr\u00fcft, um die Einhaltung der Industrie- und Kundenspezifikationen zu gew\u00e4hrleisten.<\/p>\t\t\t\t\t\t\t\t<\/div>\n\t\t\t\t<\/div>\n\t\t\t\t\t<\/div>\n\t\t<\/div>\n\t\t\t\t<div class=\"elementor-column elementor-col-50 elementor-top-column elementor-element elementor-element-2dad3b6\" data-id=\"2dad3b6\" data-element_type=\"column\">\n\t\t\t<div class=\"elementor-widget-wrap elementor-element-populated\">\n\t\t\t\t\t\t<div class=\"elementor-element elementor-element-b99dc7c elementor-widget elementor-widget-image\" data-id=\"b99dc7c\" data-element_type=\"widget\" data-widget_type=\"image.default\">\n\t\t\t\t<div class=\"elementor-widget-container\">\n\t\t\t\t\t\t\t\t\t\t\t\t\t\t\t<img decoding=\"async\" src=\"https:\/\/menzingmim.nl\/freshlabel\/wp-content\/uploads\/elementor\/thumbs\/Untitled-design-93-r2h69i7h5jm0idw6rn22fze5wkx8jyko01dwkqrnuw.png\" title=\"Unbenannter Entwurf (93)\" alt=\"Untitled design (93)\" loading=\"lazy\" \/>\t\t\t\t\t\t\t\t\t\t\t\t\t\t\t<\/div>\n\t\t\t\t<\/div>\n\t\t\t\t\t<\/div>\n\t\t<\/div>\n\t\t\t\t\t<\/div>\n\t\t<\/section>\n\t\t\t\t<section class=\"elementor-section elementor-top-section elementor-element elementor-element-bdb5082 elementor-section-content-middle elementor-section-boxed elementor-section-height-default elementor-section-height-default\" data-id=\"bdb5082\" data-element_type=\"section\">\n\t\t\t\t\t\t<div class=\"elementor-container elementor-column-gap-no\">\n\t\t\t\t\t<div class=\"elementor-column elementor-col-50 elementor-top-column elementor-element elementor-element-c0338ec\" data-id=\"c0338ec\" data-element_type=\"column\">\n\t\t\t<div class=\"elementor-widget-wrap elementor-element-populated\">\n\t\t\t\t\t\t<div class=\"elementor-element elementor-element-fe1bf2d elementor-widget elementor-widget-image\" data-id=\"fe1bf2d\" data-element_type=\"widget\" data-widget_type=\"image.default\">\n\t\t\t\t<div class=\"elementor-widget-container\">\n\t\t\t\t\t\t\t\t\t\t\t\t\t\t\t<img decoding=\"async\" src=\"https:\/\/menzingmim.nl\/freshlabel\/wp-content\/uploads\/elementor\/thumbs\/Untitled-design-32-r2q218kbc4az7iglc5eftjcsfv26w4cp1tlttw7i4o.jpg\" title=\"Untitled design (32)\" alt=\"Untitled design (32)\" loading=\"lazy\" \/>\t\t\t\t\t\t\t\t\t\t\t\t\t\t\t<\/div>\n\t\t\t\t<\/div>\n\t\t\t\t\t<\/div>\n\t\t<\/div>\n\t\t\t\t<div class=\"elementor-column elementor-col-50 elementor-top-column elementor-element elementor-element-a2b5dd5\" data-id=\"a2b5dd5\" data-element_type=\"column\">\n\t\t\t<div class=\"elementor-widget-wrap elementor-element-populated\">\n\t\t\t\t\t\t<div class=\"elementor-element elementor-element-f7b64fd elementor-widget elementor-widget-heading\" data-id=\"f7b64fd\" data-element_type=\"widget\" data-widget_type=\"heading.default\">\n\t\t\t\t<div class=\"elementor-widget-container\">\n\t\t\t\t\t<h3 class=\"elementor-heading-title elementor-size-default\">Engagement f\u00fcr kontinuierliche Verbesserung<\/h3>\t\t\t\t<\/div>\n\t\t\t\t<\/div>\n\t\t\t\t<div class=\"elementor-element elementor-element-5401d40 elementor-widget elementor-widget-text-editor\" data-id=\"5401d40\" data-element_type=\"widget\" data-widget_type=\"text-editor.default\">\n\t\t\t\t<div class=\"elementor-widget-container\">\n\t\t\t\t\t\t\t\t\t<p>Wir glauben, dass Qualit\u00e4t nie statisch ist - sie entwickelt sich weiter. Deshalb evaluieren wir regelm\u00e4\u00dfig unsere Verfahren und investieren in fortschrittliche Technologien und Mitarbeiterschulungen. Auf diese Weise stellen wir sicher, dass unsere Produkte den wachsenden Anforderungen der von uns belieferten Branchen entsprechen und gleichzeitig effizient und nachhaltig sind.<\/p>\t\t\t\t\t\t\t\t<\/div>\n\t\t\t\t<\/div>\n\t\t\t\t\t<\/div>\n\t\t<\/div>\n\t\t\t\t\t<\/div>\n\t\t<\/section>\n\t\t\t\t<section class=\"elementor-section elementor-top-section elementor-element elementor-element-b4beb9d elementor-section-content-middle elementor-section-boxed elementor-section-height-default elementor-section-height-default\" data-id=\"b4beb9d\" data-element_type=\"section\">\n\t\t\t\t\t\t<div class=\"elementor-container elementor-column-gap-no\">\n\t\t\t\t\t<div class=\"elementor-column elementor-col-50 elementor-top-column elementor-element elementor-element-4a5cbc7\" data-id=\"4a5cbc7\" data-element_type=\"column\">\n\t\t\t<div class=\"elementor-widget-wrap elementor-element-populated\">\n\t\t\t\t\t\t<div class=\"elementor-element elementor-element-375a3d9 elementor-widget elementor-widget-image\" data-id=\"375a3d9\" data-element_type=\"widget\" data-widget_type=\"image.default\">\n\t\t\t\t<div class=\"elementor-widget-container\">\n\t\t\t\t\t\t\t\t\t\t\t\t\t\t\t<img fetchpriority=\"high\" decoding=\"async\" width=\"768\" height=\"392\" src=\"https:\/\/menzingmim.nl\/freshlabel\/wp-content\/uploads\/2025\/03\/Untitled-design-2025-03-06T010644.420-768x392.png\" class=\"attachment-medium_large size-medium_large wp-image-988113\" alt=\"\" srcset=\"https:\/\/menzingmim.nl\/freshlabel\/wp-content\/uploads\/2025\/03\/Untitled-design-2025-03-06T010644.420-768x392.png 768w, https:\/\/menzingmim.nl\/freshlabel\/wp-content\/uploads\/2025\/03\/Untitled-design-2025-03-06T010644.420-300x153.png 300w, https:\/\/menzingmim.nl\/freshlabel\/wp-content\/uploads\/2025\/03\/Untitled-design-2025-03-06T010644.420-1024x523.png 1024w, https:\/\/menzingmim.nl\/freshlabel\/wp-content\/uploads\/2025\/03\/Untitled-design-2025-03-06T010644.420-1536x784.png 1536w, https:\/\/menzingmim.nl\/freshlabel\/wp-content\/uploads\/2025\/03\/Untitled-design-2025-03-06T010644.420-18x9.png 18w, https:\/\/menzingmim.nl\/freshlabel\/wp-content\/uploads\/2025\/03\/Untitled-design-2025-03-06T010644.420.png 1878w\" sizes=\"(max-width: 768px) 100vw, 768px\" \/>\t\t\t\t\t\t\t\t\t\t\t\t\t\t\t<\/div>\n\t\t\t\t<\/div>\n\t\t\t\t\t<\/div>\n\t\t<\/div>\n\t\t\t\t<div class=\"elementor-column elementor-col-50 elementor-top-column elementor-element elementor-element-244070b\" data-id=\"244070b\" data-element_type=\"column\">\n\t\t\t<div class=\"elementor-widget-wrap elementor-element-populated\">\n\t\t\t\t\t\t<div class=\"elementor-element elementor-element-b2476b4 elementor-widget elementor-widget-heading\" data-id=\"b2476b4\" data-element_type=\"widget\" data-widget_type=\"heading.default\">\n\t\t\t\t<div class=\"elementor-widget-container\">\n\t\t\t\t\t<h3 class=\"elementor-heading-title elementor-size-default\">Umstempeln &amp; R\u00fcckverfolgbarkeit<\/h3>\t\t\t\t<\/div>\n\t\t\t\t<\/div>\n\t\t\t\t<div class=\"elementor-element elementor-element-b4192a4 elementor-widget elementor-widget-text-editor\" data-id=\"b4192a4\" data-element_type=\"widget\" data-widget_type=\"text-editor.default\">\n\t\t\t\t<div class=\"elementor-widget-container\">\n\t\t\t\t\t\t\t\t\t<div class=\"flex max-w-full flex-col flex-grow\"><div class=\"min-h-8 text-message relative flex w-full flex-col items-end gap-2 whitespace-normal break-words text-start [.text-message+&amp;]:mt-5\" dir=\"auto\" data-message-author-role=\"assistant\" data-message-id=\"2cb408ea-185d-4977-a6ca-97796009d03f\" data-message-model-slug=\"gpt-4o\"><div class=\"flex w-full flex-col gap-1 empty:hidden first:pt-[3px]\"><div class=\"markdown prose w-full break-words dark:prose-invert light\"><p data-start=\"56\" data-end=\"376\">Bei der Hochpr\u00e4zisionsbearbeitung ist die R\u00fcckverfolgbarkeit von entscheidender Bedeutung. Die erneute Markierung stellt sicher, dass die Materialidentifikation nach dem Schneiden, der Bearbeitung oder der Oberfl\u00e4chenbehandlung erhalten bleibt. Durch die Wiederanbringung von Schmelznummern und Chargencodes garantieren wir die Einhaltung der Normen EN 10204, ASTM, ASME und NADCAP.<\/p><p data-start=\"378\" data-end=\"649\" data-is-last-node=\"\" data-is-only-node=\"\">Wir stellen sicher, dass jede Komponente die h\u00f6chsten Standards in Bezug auf Zuverl\u00e4ssigkeit, Leistung und Konformit\u00e4t erf\u00fcllt und Ihre Lieferkette sch\u00fctzt.<\/p><\/div><p data-start=\"378\" data-end=\"649\" data-is-last-node=\"\" data-is-only-node=\"\">Die Mechanische Industrie Menzing hat die 3.1 Umstempelungsberechtigung und ist vom T\u00dcV zertifiziert worden.<\/p><\/div><\/div><\/div>\t\t\t\t\t\t\t\t<\/div>\n\t\t\t\t<\/div>\n\t\t\t\t\t<\/div>\n\t\t<\/div>\n\t\t\t\t\t<\/div>\n\t\t<\/section>\n\t\t\t\t<section class=\"elementor-section elementor-top-section elementor-element elementor-element-81d33b3 elementor-section-content-middle elementor-section-boxed elementor-section-height-default elementor-section-height-default\" data-id=\"81d33b3\" data-element_type=\"section\">\n\t\t\t\t\t\t<div class=\"elementor-container elementor-column-gap-no\">\n\t\t\t\t\t<div class=\"elementor-column elementor-col-50 elementor-top-column elementor-element elementor-element-5511906\" data-id=\"5511906\" data-element_type=\"column\">\n\t\t\t<div class=\"elementor-widget-wrap elementor-element-populated\">\n\t\t\t\t\t\t<div class=\"elementor-element elementor-element-a656a6e elementor-widget elementor-widget-heading\" data-id=\"a656a6e\" data-element_type=\"widget\" data-widget_type=\"heading.default\">\n\t\t\t\t<div class=\"elementor-widget-container\">\n\t\t\t\t\t<h3 class=\"elementor-heading-title elementor-size-default\">Warum Qualit\u00e4t f\u00fcr uns wichtig ist<\/h3>\t\t\t\t<\/div>\n\t\t\t\t<\/div>\n\t\t\t\t<div class=\"elementor-element elementor-element-3ff6d39 elementor-widget elementor-widget-text-editor\" data-id=\"3ff6d39\" data-element_type=\"widget\" data-widget_type=\"text-editor.default\">\n\t\t\t\t<div class=\"elementor-widget-container\">\n\t\t\t\t\t\t\t\t\t<p>F\u00fcr uns bedeutet Qualit\u00e4t mehr als nur die Einhaltung von Normen; es geht darum, Ihr Vertrauen zu verdienen. Jede von uns gelieferte Komponente wird mit Sorgfalt und Pr\u00e4zision gefertigt, denn wir wissen, dass Ihr Erfolg von der Zuverl\u00e4ssigkeit unserer Produkte abh\u00e4ngt. Wenn Sie mit Menzing zusammenarbeiten, k\u00f6nnen Sie sich auf L\u00f6sungen verlassen, die auf Leistung und Langlebigkeit ausgelegt sind.<\/p><p><strong>Sind Sie bereit, mit uns zusammenzuarbeiten?<\/strong> Wenden Sie sich noch heute an Menzing, um zu erfahren, wie wir Ihre Ziele mit pr\u00e4zisionsgefertigten L\u00f6sungen unterst\u00fctzen k\u00f6nnen.<\/p>\t\t\t\t\t\t\t\t<\/div>\n\t\t\t\t<\/div>\n\t\t\t\t\t<\/div>\n\t\t<\/div>\n\t\t\t\t<div class=\"elementor-column elementor-col-50 elementor-top-column elementor-element elementor-element-ab32706\" data-id=\"ab32706\" data-element_type=\"column\">\n\t\t\t<div class=\"elementor-widget-wrap elementor-element-populated\">\n\t\t\t\t\t\t<div class=\"elementor-element elementor-element-785cdfd elementor-widget__width-initial elementor-widget elementor-widget-image\" data-id=\"785cdfd\" data-element_type=\"widget\" data-widget_type=\"image.default\">\n\t\t\t\t<div class=\"elementor-widget-container\">\n\t\t\t\t\t\t\t\t\t\t\t\t\t\t\t<img decoding=\"async\" src=\"https:\/\/menzingmim.nl\/freshlabel\/wp-content\/uploads\/elementor\/thumbs\/Untitled-design-33-r2q25d2tbxya5wgv8xlhrhvmaqq6oaqaa8ojnm3atk.jpg\" title=\"Untitled design (33)\" alt=\"Untitled design (33)\" loading=\"lazy\" \/>\t\t\t\t\t\t\t\t\t\t\t\t\t\t\t<\/div>\n\t\t\t\t<\/div>\n\t\t\t\t\t<\/div>\n\t\t<\/div>\n\t\t\t\t\t<\/div>\n\t\t<\/section>\n\t\t\t\t<\/div>","protected":false},"excerpt":{"rendered":"<p>Providing Excellence Quality Committment At Menzing, quality is the foundation of everything we do. From sourcing materials to precision engineering, we are committed to delivering products that meet the highest standards of performance and reliability. Our dedication to quality has earned us the trust of leading companies across industries. Our Approach Excellence at Every StepQuality&#8230;<\/p>","protected":false},"author":1,"featured_media":0,"parent":6872,"menu_order":0,"comment_status":"closed","ping_status":"closed","template":"","meta":{"footnotes":""},"class_list":["post-987986","page","type-page","status-publish","hentry"],"yoast_head":"<!-- This site is optimized with the Yoast SEO plugin v24.2 - https:\/\/yoast.com\/wordpress\/plugins\/seo\/ -->\n<title>Quality - MZG<\/title>\n<meta name=\"robots\" content=\"index, follow, max-snippet:-1, max-image-preview:large, max-video-preview:-1\" \/>\n<link rel=\"canonical\" href=\"https:\/\/menzingmim.nl\/de\/services\/quality\/\" \/>\n<meta property=\"og:locale\" content=\"de_DE\" \/>\n<meta property=\"og:type\" content=\"article\" \/>\n<meta property=\"og:title\" content=\"Quality - MZG\" \/>\n<meta property=\"og:description\" content=\"Providing Excellence Quality Committment At Menzing, quality is the foundation of everything we do. From sourcing materials to precision engineering, we are committed to delivering products that meet the highest standards of performance and reliability. Our dedication to quality has earned us the trust of leading companies across industries. Our Approach Excellence at Every StepQuality...\" \/>\n<meta property=\"og:url\" content=\"https:\/\/menzingmim.nl\/de\/services\/quality\/\" \/>\n<meta property=\"og:site_name\" content=\"MZG\" \/>\n<meta property=\"article:modified_time\" content=\"2025-03-11T22:47:23+00:00\" \/>\n<meta property=\"og:image\" content=\"https:\/\/menzingmim.nl\/freshlabel\/wp-content\/uploads\/elementor\/thumbs\/Untitled-design-93-r2h69i7h5jm0idw6rn22fze5wkx8jyko01dwkqrnuw.png\" \/>\n<meta name=\"twitter:card\" content=\"summary_large_image\" \/>\n<meta name=\"twitter:label1\" content=\"Gesch\u00e4tzte Lesezeit\" \/>\n\t<meta name=\"twitter:data1\" content=\"3\u00a0Minuten\" \/>\n<script type=\"application\/ld+json\" class=\"yoast-schema-graph\">{\"@context\":\"https:\/\/schema.org\",\"@graph\":[{\"@type\":\"WebPage\",\"@id\":\"https:\/\/menzingmim.nl\/services\/quality\/\",\"url\":\"https:\/\/menzingmim.nl\/services\/quality\/\",\"name\":\"Quality - MZG\",\"isPartOf\":{\"@id\":\"https:\/\/menzingmim.nl\/#website\"},\"primaryImageOfPage\":{\"@id\":\"https:\/\/menzingmim.nl\/services\/quality\/#primaryimage\"},\"image\":{\"@id\":\"https:\/\/menzingmim.nl\/services\/quality\/#primaryimage\"},\"thumbnailUrl\":\"https:\/\/menzingmim.nl\/freshlabel\/wp-content\/uploads\/elementor\/thumbs\/Untitled-design-93-r2h69i7h5jm0idw6rn22fze5wkx8jyko01dwkqrnuw.png\",\"datePublished\":\"2025-01-24T10:35:10+00:00\",\"dateModified\":\"2025-03-11T22:47:23+00:00\",\"breadcrumb\":{\"@id\":\"https:\/\/menzingmim.nl\/services\/quality\/#breadcrumb\"},\"inLanguage\":\"de\",\"potentialAction\":[{\"@type\":\"ReadAction\",\"target\":[\"https:\/\/menzingmim.nl\/services\/quality\/\"]}]},{\"@type\":\"ImageObject\",\"inLanguage\":\"de\",\"@id\":\"https:\/\/menzingmim.nl\/services\/quality\/#primaryimage\",\"url\":\"https:\/\/menzingmim.nl\/freshlabel\/wp-content\/uploads\/elementor\/thumbs\/Untitled-design-93-r2h69i7h5jm0idw6rn22fze5wkx8jyko01dwkqrnuw.png\",\"contentUrl\":\"https:\/\/menzingmim.nl\/freshlabel\/wp-content\/uploads\/elementor\/thumbs\/Untitled-design-93-r2h69i7h5jm0idw6rn22fze5wkx8jyko01dwkqrnuw.png\"},{\"@type\":\"BreadcrumbList\",\"@id\":\"https:\/\/menzingmim.nl\/services\/quality\/#breadcrumb\",\"itemListElement\":[{\"@type\":\"ListItem\",\"position\":1,\"name\":\"Home\",\"item\":\"https:\/\/menzingmim.nl\/\"},{\"@type\":\"ListItem\",\"position\":2,\"name\":\"Services\",\"item\":\"https:\/\/menzingmim.nl\/services\/\"},{\"@type\":\"ListItem\",\"position\":3,\"name\":\"Quality\"}]},{\"@type\":\"WebSite\",\"@id\":\"https:\/\/menzingmim.nl\/#website\",\"url\":\"https:\/\/menzingmim.nl\/\",\"name\":\"MZG\",\"description\":\"Engineering Your Mission: Precision in Every Piece\",\"publisher\":{\"@id\":\"https:\/\/menzingmim.nl\/#organization\"},\"potentialAction\":[{\"@type\":\"SearchAction\",\"target\":{\"@type\":\"EntryPoint\",\"urlTemplate\":\"https:\/\/menzingmim.nl\/?s={search_term_string}\"},\"query-input\":{\"@type\":\"PropertyValueSpecification\",\"valueRequired\":true,\"valueName\":\"search_term_string\"}}],\"inLanguage\":\"de\"},{\"@type\":\"Organization\",\"@id\":\"https:\/\/menzingmim.nl\/#organization\",\"name\":\"MZG\",\"url\":\"https:\/\/menzingmim.nl\/\",\"logo\":{\"@type\":\"ImageObject\",\"inLanguage\":\"de\",\"@id\":\"https:\/\/menzingmim.nl\/#\/schema\/logo\/image\/\",\"url\":\"https:\/\/menzingmim.nl\/freshlabel\/wp-content\/uploads\/2022\/09\/Body-2.png\",\"contentUrl\":\"https:\/\/menzingmim.nl\/freshlabel\/wp-content\/uploads\/2022\/09\/Body-2.png\",\"width\":300,\"height\":75,\"caption\":\"MZG\"},\"image\":{\"@id\":\"https:\/\/menzingmim.nl\/#\/schema\/logo\/image\/\"}}]}<\/script>\n<!-- \/ Yoast SEO plugin. -->","yoast_head_json":{"title":"Quality - MZG","robots":{"index":"index","follow":"follow","max-snippet":"max-snippet:-1","max-image-preview":"max-image-preview:large","max-video-preview":"max-video-preview:-1"},"canonical":"https:\/\/menzingmim.nl\/de\/services\/quality\/","og_locale":"de_DE","og_type":"article","og_title":"Quality - MZG","og_description":"Providing Excellence Quality Committment At Menzing, quality is the foundation of everything we do. From sourcing materials to precision engineering, we are committed to delivering products that meet the highest standards of performance and reliability. Our dedication to quality has earned us the trust of leading companies across industries. Our Approach Excellence at Every StepQuality...","og_url":"https:\/\/menzingmim.nl\/de\/services\/quality\/","og_site_name":"MZG","article_modified_time":"2025-03-11T22:47:23+00:00","og_image":[{"url":"https:\/\/menzingmim.nl\/freshlabel\/wp-content\/uploads\/elementor\/thumbs\/Untitled-design-93-r2h69i7h5jm0idw6rn22fze5wkx8jyko01dwkqrnuw.png","type":"","width":"","height":""}],"twitter_card":"summary_large_image","twitter_misc":{"Gesch\u00e4tzte Lesezeit":"3\u00a0Minuten"},"schema":{"@context":"https:\/\/schema.org","@graph":[{"@type":"WebPage","@id":"https:\/\/menzingmim.nl\/services\/quality\/","url":"https:\/\/menzingmim.nl\/services\/quality\/","name":"Quality - MZG","isPartOf":{"@id":"https:\/\/menzingmim.nl\/#website"},"primaryImageOfPage":{"@id":"https:\/\/menzingmim.nl\/services\/quality\/#primaryimage"},"image":{"@id":"https:\/\/menzingmim.nl\/services\/quality\/#primaryimage"},"thumbnailUrl":"https:\/\/menzingmim.nl\/freshlabel\/wp-content\/uploads\/elementor\/thumbs\/Untitled-design-93-r2h69i7h5jm0idw6rn22fze5wkx8jyko01dwkqrnuw.png","datePublished":"2025-01-24T10:35:10+00:00","dateModified":"2025-03-11T22:47:23+00:00","breadcrumb":{"@id":"https:\/\/menzingmim.nl\/services\/quality\/#breadcrumb"},"inLanguage":"de","potentialAction":[{"@type":"ReadAction","target":["https:\/\/menzingmim.nl\/services\/quality\/"]}]},{"@type":"ImageObject","inLanguage":"de","@id":"https:\/\/menzingmim.nl\/services\/quality\/#primaryimage","url":"https:\/\/menzingmim.nl\/freshlabel\/wp-content\/uploads\/elementor\/thumbs\/Untitled-design-93-r2h69i7h5jm0idw6rn22fze5wkx8jyko01dwkqrnuw.png","contentUrl":"https:\/\/menzingmim.nl\/freshlabel\/wp-content\/uploads\/elementor\/thumbs\/Untitled-design-93-r2h69i7h5jm0idw6rn22fze5wkx8jyko01dwkqrnuw.png"},{"@type":"BreadcrumbList","@id":"https:\/\/menzingmim.nl\/services\/quality\/#breadcrumb","itemListElement":[{"@type":"ListItem","position":1,"name":"Home","item":"https:\/\/menzingmim.nl\/"},{"@type":"ListItem","position":2,"name":"Services","item":"https:\/\/menzingmim.nl\/services\/"},{"@type":"ListItem","position":3,"name":"Quality"}]},{"@type":"WebSite","@id":"https:\/\/menzingmim.nl\/#website","url":"https:\/\/menzingmim.nl\/","name":"MZG","description":"Engineering Your Mission: Precision in Every Piece","publisher":{"@id":"https:\/\/menzingmim.nl\/#organization"},"potentialAction":[{"@type":"SearchAction","target":{"@type":"EntryPoint","urlTemplate":"https:\/\/menzingmim.nl\/?s={search_term_string}"},"query-input":{"@type":"PropertyValueSpecification","valueRequired":true,"valueName":"search_term_string"}}],"inLanguage":"de"},{"@type":"Organization","@id":"https:\/\/menzingmim.nl\/#organization","name":"MZG","url":"https:\/\/menzingmim.nl\/","logo":{"@type":"ImageObject","inLanguage":"de","@id":"https:\/\/menzingmim.nl\/#\/schema\/logo\/image\/","url":"https:\/\/menzingmim.nl\/freshlabel\/wp-content\/uploads\/2022\/09\/Body-2.png","contentUrl":"https:\/\/menzingmim.nl\/freshlabel\/wp-content\/uploads\/2022\/09\/Body-2.png","width":300,"height":75,"caption":"MZG"},"image":{"@id":"https:\/\/menzingmim.nl\/#\/schema\/logo\/image\/"}}]}},"_links":{"self":[{"href":"https:\/\/menzingmim.nl\/de\/wp-json\/wp\/v2\/pages\/987986","targetHints":{"allow":["GET"]}}],"collection":[{"href":"https:\/\/menzingmim.nl\/de\/wp-json\/wp\/v2\/pages"}],"about":[{"href":"https:\/\/menzingmim.nl\/de\/wp-json\/wp\/v2\/types\/page"}],"author":[{"embeddable":true,"href":"https:\/\/menzingmim.nl\/de\/wp-json\/wp\/v2\/users\/1"}],"replies":[{"embeddable":true,"href":"https:\/\/menzingmim.nl\/de\/wp-json\/wp\/v2\/comments?post=987986"}],"version-history":[{"count":28,"href":"https:\/\/menzingmim.nl\/de\/wp-json\/wp\/v2\/pages\/987986\/revisions"}],"predecessor-version":[{"id":988190,"href":"https:\/\/menzingmim.nl\/de\/wp-json\/wp\/v2\/pages\/987986\/revisions\/988190"}],"up":[{"embeddable":true,"href":"https:\/\/menzingmim.nl\/de\/wp-json\/wp\/v2\/pages\/6872"}],"wp:attachment":[{"href":"https:\/\/menzingmim.nl\/de\/wp-json\/wp\/v2\/media?parent=987986"}],"curies":[{"name":"wp","href":"https:\/\/api.w.org\/{rel}","templated":true}]}}