{"id":6280,"date":"2022-10-31T10:35:38","date_gmt":"2022-10-31T10:35:38","guid":{"rendered":"https:\/\/konstruktion.vamtam.com\/?page_id=6280"},"modified":"2025-03-02T23:08:44","modified_gmt":"2025-03-02T23:08:44","slug":"job-openings","status":"publish","type":"page","link":"https:\/\/menzingmim.nl\/de\/services\/job-openings\/","title":{"rendered":"Arbeiten bei Menzing"},"content":{"rendered":"<div data-elementor-type=\"wp-page\" data-elementor-id=\"6280\" class=\"elementor elementor-6280\" data-elementor-post-type=\"page\">\n\t\t\t\t\t\t<section class=\"elementor-section elementor-top-section elementor-element elementor-element-4a9e269 elementor-section-boxed elementor-section-height-default elementor-section-height-default\" data-id=\"4a9e269\" data-element_type=\"section\">\n\t\t\t\t\t\t<div class=\"elementor-container elementor-column-gap-no\">\n\t\t\t\t\t<div class=\"elementor-column elementor-col-50 elementor-top-column elementor-element elementor-element-ee4f0f7\" data-id=\"ee4f0f7\" data-element_type=\"column\">\n\t\t\t<div class=\"elementor-widget-wrap elementor-element-populated\">\n\t\t\t\t\t\t<div class=\"elementor-element elementor-element-9b06347 elementor-position-right elementor-widget__width-auto elementor-mobile-position-right elementor-widget-mobile__width-auto elementor-vertical-align-middle elementor-view-default elementor-invisible elementor-widget elementor-widget-icon-box\" data-id=\"9b06347\" data-element_type=\"widget\" data-settings=\"{&quot;_animation&quot;:&quot;slideInUp&quot;,&quot;_animation_tablet&quot;:&quot;none&quot;}\" data-widget_type=\"icon-box.default\">\n\t\t\t\t<div class=\"elementor-widget-container\">\n\t\t\t\t\t\t\t<div class=\"elementor-icon-box-wrapper\">\n\n\t\t\t\t\t\t<div class=\"elementor-icon-box-icon\">\n\t\t\t\t<span  class=\"elementor-icon\">\n\t\t\t\t<i aria-hidden=\"true\" class=\"vamtamtheme- vamtam-theme-line-titles\"><\/i>\t\t\t\t<\/span>\n\t\t\t<\/div>\n\t\t\t\n\t\t\t\t\t\t<div class=\"elementor-icon-box-content\">\n\n\t\t\t\t\t\t\t\t\t<span class=\"elementor-icon-box-title\">\n\t\t\t\t\t\t<span  >\n\t\t\t\t\t\t\tArbeiten bei Menzing\t\t\t\t\t\t<\/span>\n\t\t\t\t\t<\/span>\n\t\t\t\t\n\t\t\t\t\n\t\t\t<\/div>\n\t\t\t\n\t\t<\/div>\n\t\t\t\t\t\t<\/div>\n\t\t\t\t<\/div>\n\t\t\t\t<div class=\"elementor-element elementor-element-c9d1c57 elementor-widget elementor-widget-heading\" data-id=\"c9d1c57\" data-element_type=\"widget\" data-widget_type=\"heading.default\">\n\t\t\t\t<div class=\"elementor-widget-container\">\n\t\t\t\t\t<h1 class=\"elementor-heading-title elementor-size-default\">Komm wachsen<\/br>mit uns<\/h1>\t\t\t\t<\/div>\n\t\t\t\t<\/div>\n\t\t\t\t\t<\/div>\n\t\t<\/div>\n\t\t\t\t<div class=\"elementor-column elementor-col-50 elementor-top-column elementor-element elementor-element-56affc0\" data-id=\"56affc0\" data-element_type=\"column\">\n\t\t\t<div class=\"elementor-widget-wrap elementor-element-populated\">\n\t\t\t\t\t\t<div class=\"elementor-element elementor-element-0cb7df2 elementor-widget elementor-widget-text-editor\" data-id=\"0cb7df2\" data-element_type=\"widget\" data-widget_type=\"text-editor.default\">\n\t\t\t\t<div class=\"elementor-widget-container\">\n\t\t\t\t\t\t\t\t\t<p>Bei Menzing treten Sie nicht nur in ein Unternehmen ein, sondern werden Teil eines Teams, das stolz auf handwerkliches K\u00f6nnen und Innovation ist. Wir bieten ein dynamisches Umfeld, in dem jeder Mitarbeiter die M\u00f6glichkeit hat, zu wachsen, zu lernen und dazu beizutragen, pr\u00e4zisionsgefertigte L\u00f6sungen f\u00fcr f\u00fchrende Branchen zu entwickeln. Ganz gleich, ob Sie ein erfahrener Fachmann sind oder Ihre Karriere gerade erst beginnen, wir bieten Ihnen einen Ort, an dem Ihre F\u00e4higkeiten gesch\u00e4tzt werden und Ihr Potenzial sich entfalten kann.<\/p><p>\u00a0<\/p>\t\t\t\t\t\t\t\t<\/div>\n\t\t\t\t<\/div>\n\t\t\t\t\t<\/div>\n\t\t<\/div>\n\t\t\t\t\t<\/div>\n\t\t<\/section>\n\t\t\t\t<section class=\"elementor-section elementor-top-section elementor-element elementor-element-6d1dc3e elementor-section-full_width elementor-section-height-min-height elementor-section-stretched elementor-section-height-default elementor-section-items-middle\" data-id=\"6d1dc3e\" data-element_type=\"section\" data-settings=\"{&quot;background_background&quot;:&quot;classic&quot;,&quot;stretch_section&quot;:&quot;section-stretched&quot;}\">\n\t\t\t\t\t\t<div class=\"elementor-container elementor-column-gap-default\">\n\t\t\t\t\t<div class=\"elementor-column elementor-col-100 elementor-top-column elementor-element elementor-element-66d8b5d\" data-id=\"66d8b5d\" data-element_type=\"column\">\n\t\t\t<div class=\"elementor-widget-wrap\">\n\t\t\t\t\t\t\t<\/div>\n\t\t<\/div>\n\t\t\t\t\t<\/div>\n\t\t<\/section>\n\t\t\t\t<section class=\"elementor-section elementor-top-section elementor-element elementor-element-df71661 elementor-section-content-middle elementor-section-boxed elementor-section-height-default elementor-section-height-default\" data-id=\"df71661\" data-element_type=\"section\">\n\t\t\t\t\t\t<div class=\"elementor-container elementor-column-gap-no\">\n\t\t\t\t\t<div class=\"elementor-column elementor-col-50 elementor-top-column elementor-element elementor-element-018571c\" data-id=\"018571c\" data-element_type=\"column\">\n\t\t\t<div class=\"elementor-widget-wrap elementor-element-populated\">\n\t\t\t\t\t\t<div class=\"elementor-element elementor-element-94222a9 elementor-widget elementor-widget-heading\" data-id=\"94222a9\" data-element_type=\"widget\" data-widget_type=\"heading.default\">\n\t\t\t\t<div class=\"elementor-widget-container\">\n\t\t\t\t\t<h2 class=\"elementor-heading-title elementor-size-default\">Unsere Kultur<\/h2>\t\t\t\t<\/div>\n\t\t\t\t<\/div>\n\t\t\t\t<div class=\"elementor-element elementor-element-bc2045c elementor-widget elementor-widget-text-editor\" data-id=\"bc2045c\" data-element_type=\"widget\" data-widget_type=\"text-editor.default\">\n\t\t\t\t<div class=\"elementor-widget-container\">\n\t\t\t\t\t\t\t\t\t<p>Menzing baut auf Zusammenarbeit, Respekt und kontinuierlicher Verbesserung auf. Bei uns arbeiten Sie mit einem Team von qualifizierten Fachleuten zusammen, die mit Leidenschaft bei der Sache sind und sich der Erzielung von Spitzenleistungen verschrieben haben. Wir legen Wert auf Innovation und ermutigen jeden, Ideen zu teilen, Initiative zu ergreifen und etwas zu bewirken.<\/p><p>Unsere flache Organisationsstruktur gew\u00e4hrleistet eine offene Kommunikation und schnelle Entscheidungsfindung, so dass Ihre Stimme immer geh\u00f6rt wird. Wir glauben an die F\u00f6rderung eines integrativen und unterst\u00fctzenden Arbeitsplatzes, an dem sich jedes Teammitglied wertgesch\u00e4tzt und zum Erfolg motiviert f\u00fchlt.<\/p><p><b>Unserem Team beitreten<br \/><\/b>Sind Sie bereit, den n\u00e4chsten Schritt in Ihrer Karriere zu machen? Bei Menzing haben Sie die Chance, zu wachsen, zu lernen und etwas zu bewegen. Lassen Sie uns gemeinsam die Zukunft gestalten.<\/p>\t\t\t\t\t\t\t\t<\/div>\n\t\t\t\t<\/div>\n\t\t\t\t\t<\/div>\n\t\t<\/div>\n\t\t\t\t<div class=\"elementor-column elementor-col-50 elementor-top-column elementor-element elementor-element-bd94b25\" data-id=\"bd94b25\" data-element_type=\"column\">\n\t\t\t<div class=\"elementor-widget-wrap elementor-element-populated\">\n\t\t\t\t\t\t<div class=\"elementor-element elementor-element-00cd0d8 elementor-widget elementor-widget-image\" data-id=\"00cd0d8\" data-element_type=\"widget\" data-widget_type=\"image.default\">\n\t\t\t\t<div class=\"elementor-widget-container\">\n\t\t\t\t\t\t\t\t\t\t\t\t\t\t\t<img fetchpriority=\"high\" decoding=\"async\" width=\"1024\" height=\"523\" src=\"https:\/\/menzingmim.nl\/freshlabel\/wp-content\/uploads\/2025\/01\/Untitled-design-88-1024x523.png\" class=\"attachment-large size-large wp-image-987918\" alt=\"\" srcset=\"https:\/\/menzingmim.nl\/freshlabel\/wp-content\/uploads\/2025\/01\/Untitled-design-88-1024x523.png 1024w, https:\/\/menzingmim.nl\/freshlabel\/wp-content\/uploads\/2025\/01\/Untitled-design-88-300x153.png 300w, https:\/\/menzingmim.nl\/freshlabel\/wp-content\/uploads\/2025\/01\/Untitled-design-88-768x392.png 768w, https:\/\/menzingmim.nl\/freshlabel\/wp-content\/uploads\/2025\/01\/Untitled-design-88-1536x784.png 1536w, https:\/\/menzingmim.nl\/freshlabel\/wp-content\/uploads\/2025\/01\/Untitled-design-88-2048x1045.png 2048w\" sizes=\"(max-width: 1024px) 100vw, 1024px\" \/>\t\t\t\t\t\t\t\t\t\t\t\t\t\t\t<\/div>\n\t\t\t\t<\/div>\n\t\t\t\t\t<\/div>\n\t\t<\/div>\n\t\t\t\t\t<\/div>\n\t\t<\/section>\n\t\t\t\t<section class=\"elementor-section elementor-top-section elementor-element elementor-element-3054ca1 elementor-section-content-middle elementor-section-boxed elementor-section-height-default elementor-section-height-default\" data-id=\"3054ca1\" data-element_type=\"section\">\n\t\t\t\t\t\t\t<div class=\"elementor-background-overlay\"><\/div>\n\t\t\t\t\t\t\t<div class=\"elementor-container elementor-column-gap-no\">\n\t\t\t\t\t<div class=\"elementor-column elementor-col-50 elementor-top-column elementor-element elementor-element-4d4fce9\" data-id=\"4d4fce9\" data-element_type=\"column\">\n\t\t\t<div class=\"elementor-widget-wrap elementor-element-populated\">\n\t\t\t\t\t\t<div class=\"elementor-element elementor-element-406aea7 elementor-widget elementor-widget-heading\" data-id=\"406aea7\" data-element_type=\"widget\" data-widget_type=\"heading.default\">\n\t\t\t\t<div class=\"elementor-widget-container\">\n\t\t\t\t\t<h2 class=\"elementor-heading-title elementor-size-default\">Offene Stellen<\/h2>\t\t\t\t<\/div>\n\t\t\t\t<\/div>\n\t\t\t\t<div class=\"elementor-element elementor-element-5f5f04a elementor-widget__width-initial elementor-widget elementor-widget-text-editor\" data-id=\"5f5f04a\" data-element_type=\"widget\" data-widget_type=\"text-editor.default\">\n\t\t\t\t<div class=\"elementor-widget-container\">\n\t\t\t\t\t\t\t\t\t<p>Wenn Sie nicht das perfekte Angebot finden, kein Problem. Sprechen Sie uns trotzdem an! Wir w\u00fcrden uns gerne auf einen Kaffee treffen, Ihre Geschichte h\u00f6ren und herausfinden, wie Sie in unser Team passen k\u00f6nnten.<\/p>\t\t\t\t\t\t\t\t<\/div>\n\t\t\t\t<\/div>\n\t\t\t\t\t<\/div>\n\t\t<\/div>\n\t\t\t\t<div class=\"elementor-column elementor-col-50 elementor-top-column elementor-element elementor-element-ce43a3a\" data-id=\"ce43a3a\" data-element_type=\"column\">\n\t\t\t<div class=\"elementor-widget-wrap elementor-element-populated\">\n\t\t\t\t\t\t<div class=\"elementor-element elementor-element-d83480c elementor-widget elementor-widget-text-editor\" data-id=\"d83480c\" data-element_type=\"widget\" data-widget_type=\"text-editor.default\">\n\t\t\t\t<div class=\"elementor-widget-container\">\n\t\t\t\t\t\t\t\t\t<p><strong>Derzeit suchen wir nach:<\/strong><\/p><p><strong>CNC-Fr\u00e4se<\/strong>: Pr\u00e4zisionsbauteile mit modernsten Maschinen formen.<\/p><p><strong>M\u00f6glichkeiten f\u00fcr Praktika<\/strong>: Sammeln Sie praktische Erfahrungen und lernen Sie von den Besten der Branche.<\/p>\t\t\t\t\t\t\t\t<\/div>\n\t\t\t\t<\/div>\n\t\t\t\t\t<\/div>\n\t\t<\/div>\n\t\t\t\t\t<\/div>\n\t\t<\/section>\n\t\t\t\t<\/div>","protected":false},"excerpt":{"rendered":"<p>Working at Menzing Come growwith us At Menzing, you\u2019re not just joining a company\u2014you\u2019re becoming part of a team that takes pride in craftsmanship and innovation. We provide a dynamic environment where every employee has the opportunity to grow, learn, and contribute to creating precision-engineered solutions for leading industries. Whether you\u2019re an experienced professional or&#8230;<\/p>","protected":false},"author":1,"featured_media":0,"parent":6872,"menu_order":0,"comment_status":"closed","ping_status":"closed","template":"","meta":{"footnotes":""},"class_list":["post-6280","page","type-page","status-publish","hentry"],"yoast_head":"<!-- This site is optimized with the Yoast SEO plugin v24.2 - https:\/\/yoast.com\/wordpress\/plugins\/seo\/ -->\n<title>Working at Menzing - MZG<\/title>\n<meta name=\"robots\" content=\"index, follow, max-snippet:-1, max-image-preview:large, max-video-preview:-1\" \/>\n<link rel=\"canonical\" href=\"https:\/\/menzingmim.nl\/de\/services\/job-openings\/\" \/>\n<meta property=\"og:locale\" content=\"de_DE\" \/>\n<meta property=\"og:type\" content=\"article\" \/>\n<meta property=\"og:title\" content=\"Working at Menzing - MZG\" \/>\n<meta property=\"og:description\" content=\"Working at Menzing Come growwith us At Menzing, you\u2019re not just joining a company\u2014you\u2019re becoming part of a team that takes pride in craftsmanship and innovation. We provide a dynamic environment where every employee has the opportunity to grow, learn, and contribute to creating precision-engineered solutions for leading industries. Whether you\u2019re an experienced professional or...\" \/>\n<meta property=\"og:url\" content=\"https:\/\/menzingmim.nl\/de\/services\/job-openings\/\" \/>\n<meta property=\"og:site_name\" content=\"MZG\" \/>\n<meta property=\"article:modified_time\" content=\"2025-03-02T23:08:44+00:00\" \/>\n<meta property=\"og:image\" content=\"https:\/\/menzingmim.nl\/freshlabel\/wp-content\/uploads\/2025\/01\/Untitled-design-88-1024x523.png\" \/>\n<meta name=\"twitter:card\" content=\"summary_large_image\" \/>\n<meta name=\"twitter:label1\" content=\"Gesch\u00e4tzte Lesezeit\" \/>\n\t<meta name=\"twitter:data1\" content=\"2\u00a0Minuten\" \/>\n<script type=\"application\/ld+json\" class=\"yoast-schema-graph\">{\"@context\":\"https:\/\/schema.org\",\"@graph\":[{\"@type\":\"WebPage\",\"@id\":\"https:\/\/menzingmim.nl\/services\/job-openings\/\",\"url\":\"https:\/\/menzingmim.nl\/services\/job-openings\/\",\"name\":\"Working at Menzing - MZG\",\"isPartOf\":{\"@id\":\"https:\/\/menzingmim.nl\/#website\"},\"primaryImageOfPage\":{\"@id\":\"https:\/\/menzingmim.nl\/services\/job-openings\/#primaryimage\"},\"image\":{\"@id\":\"https:\/\/menzingmim.nl\/services\/job-openings\/#primaryimage\"},\"thumbnailUrl\":\"https:\/\/menzingmim.nl\/freshlabel\/wp-content\/uploads\/2025\/01\/Untitled-design-88-1024x523.png\",\"datePublished\":\"2022-10-31T10:35:38+00:00\",\"dateModified\":\"2025-03-02T23:08:44+00:00\",\"breadcrumb\":{\"@id\":\"https:\/\/menzingmim.nl\/services\/job-openings\/#breadcrumb\"},\"inLanguage\":\"de\",\"potentialAction\":[{\"@type\":\"ReadAction\",\"target\":[\"https:\/\/menzingmim.nl\/services\/job-openings\/\"]}]},{\"@type\":\"ImageObject\",\"inLanguage\":\"de\",\"@id\":\"https:\/\/menzingmim.nl\/services\/job-openings\/#primaryimage\",\"url\":\"https:\/\/menzingmim.nl\/freshlabel\/wp-content\/uploads\/2025\/01\/Untitled-design-88-1024x523.png\",\"contentUrl\":\"https:\/\/menzingmim.nl\/freshlabel\/wp-content\/uploads\/2025\/01\/Untitled-design-88-1024x523.png\"},{\"@type\":\"BreadcrumbList\",\"@id\":\"https:\/\/menzingmim.nl\/services\/job-openings\/#breadcrumb\",\"itemListElement\":[{\"@type\":\"ListItem\",\"position\":1,\"name\":\"Home\",\"item\":\"https:\/\/menzingmim.nl\/\"},{\"@type\":\"ListItem\",\"position\":2,\"name\":\"Services\",\"item\":\"https:\/\/menzingmim.nl\/services\/\"},{\"@type\":\"ListItem\",\"position\":3,\"name\":\"Working at Menzing\"}]},{\"@type\":\"WebSite\",\"@id\":\"https:\/\/menzingmim.nl\/#website\",\"url\":\"https:\/\/menzingmim.nl\/\",\"name\":\"MZG\",\"description\":\"Engineering Your Mission: Precision in Every Piece\",\"publisher\":{\"@id\":\"https:\/\/menzingmim.nl\/#organization\"},\"potentialAction\":[{\"@type\":\"SearchAction\",\"target\":{\"@type\":\"EntryPoint\",\"urlTemplate\":\"https:\/\/menzingmim.nl\/?s={search_term_string}\"},\"query-input\":{\"@type\":\"PropertyValueSpecification\",\"valueRequired\":true,\"valueName\":\"search_term_string\"}}],\"inLanguage\":\"de\"},{\"@type\":\"Organization\",\"@id\":\"https:\/\/menzingmim.nl\/#organization\",\"name\":\"MZG\",\"url\":\"https:\/\/menzingmim.nl\/\",\"logo\":{\"@type\":\"ImageObject\",\"inLanguage\":\"de\",\"@id\":\"https:\/\/menzingmim.nl\/#\/schema\/logo\/image\/\",\"url\":\"https:\/\/menzingmim.nl\/freshlabel\/wp-content\/uploads\/2022\/09\/Body-2.png\",\"contentUrl\":\"https:\/\/menzingmim.nl\/freshlabel\/wp-content\/uploads\/2022\/09\/Body-2.png\",\"width\":300,\"height\":75,\"caption\":\"MZG\"},\"image\":{\"@id\":\"https:\/\/menzingmim.nl\/#\/schema\/logo\/image\/\"}}]}<\/script>\n<!-- \/ Yoast SEO plugin. -->","yoast_head_json":{"title":"Working at Menzing - MZG","robots":{"index":"index","follow":"follow","max-snippet":"max-snippet:-1","max-image-preview":"max-image-preview:large","max-video-preview":"max-video-preview:-1"},"canonical":"https:\/\/menzingmim.nl\/de\/services\/job-openings\/","og_locale":"de_DE","og_type":"article","og_title":"Working at Menzing - MZG","og_description":"Working at Menzing Come growwith us At Menzing, you\u2019re not just joining a company\u2014you\u2019re becoming part of a team that takes pride in craftsmanship and innovation. We provide a dynamic environment where every employee has the opportunity to grow, learn, and contribute to creating precision-engineered solutions for leading industries. Whether you\u2019re an experienced professional or...","og_url":"https:\/\/menzingmim.nl\/de\/services\/job-openings\/","og_site_name":"MZG","article_modified_time":"2025-03-02T23:08:44+00:00","og_image":[{"url":"https:\/\/menzingmim.nl\/freshlabel\/wp-content\/uploads\/2025\/01\/Untitled-design-88-1024x523.png","type":"","width":"","height":""}],"twitter_card":"summary_large_image","twitter_misc":{"Gesch\u00e4tzte Lesezeit":"2\u00a0Minuten"},"schema":{"@context":"https:\/\/schema.org","@graph":[{"@type":"WebPage","@id":"https:\/\/menzingmim.nl\/services\/job-openings\/","url":"https:\/\/menzingmim.nl\/services\/job-openings\/","name":"Working at Menzing - MZG","isPartOf":{"@id":"https:\/\/menzingmim.nl\/#website"},"primaryImageOfPage":{"@id":"https:\/\/menzingmim.nl\/services\/job-openings\/#primaryimage"},"image":{"@id":"https:\/\/menzingmim.nl\/services\/job-openings\/#primaryimage"},"thumbnailUrl":"https:\/\/menzingmim.nl\/freshlabel\/wp-content\/uploads\/2025\/01\/Untitled-design-88-1024x523.png","datePublished":"2022-10-31T10:35:38+00:00","dateModified":"2025-03-02T23:08:44+00:00","breadcrumb":{"@id":"https:\/\/menzingmim.nl\/services\/job-openings\/#breadcrumb"},"inLanguage":"de","potentialAction":[{"@type":"ReadAction","target":["https:\/\/menzingmim.nl\/services\/job-openings\/"]}]},{"@type":"ImageObject","inLanguage":"de","@id":"https:\/\/menzingmim.nl\/services\/job-openings\/#primaryimage","url":"https:\/\/menzingmim.nl\/freshlabel\/wp-content\/uploads\/2025\/01\/Untitled-design-88-1024x523.png","contentUrl":"https:\/\/menzingmim.nl\/freshlabel\/wp-content\/uploads\/2025\/01\/Untitled-design-88-1024x523.png"},{"@type":"BreadcrumbList","@id":"https:\/\/menzingmim.nl\/services\/job-openings\/#breadcrumb","itemListElement":[{"@type":"ListItem","position":1,"name":"Home","item":"https:\/\/menzingmim.nl\/"},{"@type":"ListItem","position":2,"name":"Services","item":"https:\/\/menzingmim.nl\/services\/"},{"@type":"ListItem","position":3,"name":"Working at Menzing"}]},{"@type":"WebSite","@id":"https:\/\/menzingmim.nl\/#website","url":"https:\/\/menzingmim.nl\/","name":"MZG","description":"Engineering Your Mission: Precision in Every Piece","publisher":{"@id":"https:\/\/menzingmim.nl\/#organization"},"potentialAction":[{"@type":"SearchAction","target":{"@type":"EntryPoint","urlTemplate":"https:\/\/menzingmim.nl\/?s={search_term_string}"},"query-input":{"@type":"PropertyValueSpecification","valueRequired":true,"valueName":"search_term_string"}}],"inLanguage":"de"},{"@type":"Organization","@id":"https:\/\/menzingmim.nl\/#organization","name":"MZG","url":"https:\/\/menzingmim.nl\/","logo":{"@type":"ImageObject","inLanguage":"de","@id":"https:\/\/menzingmim.nl\/#\/schema\/logo\/image\/","url":"https:\/\/menzingmim.nl\/freshlabel\/wp-content\/uploads\/2022\/09\/Body-2.png","contentUrl":"https:\/\/menzingmim.nl\/freshlabel\/wp-content\/uploads\/2022\/09\/Body-2.png","width":300,"height":75,"caption":"MZG"},"image":{"@id":"https:\/\/menzingmim.nl\/#\/schema\/logo\/image\/"}}]}},"_links":{"self":[{"href":"https:\/\/menzingmim.nl\/de\/wp-json\/wp\/v2\/pages\/6280","targetHints":{"allow":["GET"]}}],"collection":[{"href":"https:\/\/menzingmim.nl\/de\/wp-json\/wp\/v2\/pages"}],"about":[{"href":"https:\/\/menzingmim.nl\/de\/wp-json\/wp\/v2\/types\/page"}],"author":[{"embeddable":true,"href":"https:\/\/menzingmim.nl\/de\/wp-json\/wp\/v2\/users\/1"}],"replies":[{"embeddable":true,"href":"https:\/\/menzingmim.nl\/de\/wp-json\/wp\/v2\/comments?post=6280"}],"version-history":[{"count":13,"href":"https:\/\/menzingmim.nl\/de\/wp-json\/wp\/v2\/pages\/6280\/revisions"}],"predecessor-version":[{"id":988087,"href":"https:\/\/menzingmim.nl\/de\/wp-json\/wp\/v2\/pages\/6280\/revisions\/988087"}],"up":[{"embeddable":true,"href":"https:\/\/menzingmim.nl\/de\/wp-json\/wp\/v2\/pages\/6872"}],"wp:attachment":[{"href":"https:\/\/menzingmim.nl\/de\/wp-json\/wp\/v2\/media?parent=6280"}],"curies":[{"name":"wp","href":"https:\/\/api.w.org\/{rel}","templated":true}]}}