{"id":5871,"date":"2022-10-25T11:53:18","date_gmt":"2022-10-25T11:53:18","guid":{"rendered":"https:\/\/konstruktion.vamtam.com\/?page_id=5871"},"modified":"2025-03-02T23:15:43","modified_gmt":"2025-03-02T23:15:43","slug":"industries","status":"publish","type":"page","link":"https:\/\/menzingmim.nl\/de\/services\/industries\/","title":{"rendered":"Branchen"},"content":{"rendered":"<div data-elementor-type=\"wp-page\" data-elementor-id=\"5871\" class=\"elementor elementor-5871\" data-elementor-post-type=\"page\">\n\t\t\t\t\t\t<section class=\"elementor-section elementor-top-section elementor-element elementor-element-a13d0ff elementor-section-boxed elementor-section-height-default elementor-section-height-default\" data-id=\"a13d0ff\" data-element_type=\"section\">\n\t\t\t\t\t\t<div class=\"elementor-container elementor-column-gap-no\">\n\t\t\t\t\t<div class=\"elementor-column elementor-col-50 elementor-top-column elementor-element elementor-element-0134627\" data-id=\"0134627\" data-element_type=\"column\">\n\t\t\t<div class=\"elementor-widget-wrap elementor-element-populated\">\n\t\t\t\t\t\t<div class=\"elementor-element elementor-element-07f2a34 elementor-position-right elementor-widget__width-auto elementor-mobile-position-right elementor-widget-mobile__width-auto elementor-vertical-align-middle elementor-view-default elementor-invisible elementor-widget elementor-widget-icon-box\" data-id=\"07f2a34\" data-element_type=\"widget\" data-settings=\"{&quot;_animation&quot;:&quot;slideInUp&quot;,&quot;_animation_tablet&quot;:&quot;none&quot;}\" data-widget_type=\"icon-box.default\">\n\t\t\t\t<div class=\"elementor-widget-container\">\n\t\t\t\t\t\t\t<div class=\"elementor-icon-box-wrapper\">\n\n\t\t\t\t\t\t<div class=\"elementor-icon-box-icon\">\n\t\t\t\t<span  class=\"elementor-icon\">\n\t\t\t\t<i aria-hidden=\"true\" class=\"vamtamtheme- vamtam-theme-line-titles\"><\/i>\t\t\t\t<\/span>\n\t\t\t<\/div>\n\t\t\t\n\t\t\t\t\t\t<div class=\"elementor-icon-box-content\">\n\n\t\t\t\t\t\t\t\t\t<span class=\"elementor-icon-box-title\">\n\t\t\t\t\t\t<span  >\n\t\t\t\t\t\t\tBranchen\t\t\t\t\t\t<\/span>\n\t\t\t\t\t<\/span>\n\t\t\t\t\n\t\t\t\t\n\t\t\t<\/div>\n\t\t\t\n\t\t<\/div>\n\t\t\t\t\t\t<\/div>\n\t\t\t\t<\/div>\n\t\t\t\t<div class=\"elementor-element elementor-element-0269280 elementor-widget elementor-widget-heading\" data-id=\"0269280\" data-element_type=\"widget\" data-widget_type=\"heading.default\">\n\t\t\t\t<div class=\"elementor-widget-container\">\n\t\t\t\t\t<h1 class=\"elementor-heading-title elementor-size-default\">Branchen<\/br>die wir bedienen<\/h1>\t\t\t\t<\/div>\n\t\t\t\t<\/div>\n\t\t\t\t\t<\/div>\n\t\t<\/div>\n\t\t\t\t<div class=\"elementor-column elementor-col-50 elementor-top-column elementor-element elementor-element-77363ae\" data-id=\"77363ae\" data-element_type=\"column\">\n\t\t\t<div class=\"elementor-widget-wrap elementor-element-populated\">\n\t\t\t\t\t\t<div class=\"elementor-element elementor-element-a63d21a elementor-widget elementor-widget-text-editor\" data-id=\"a63d21a\" data-element_type=\"widget\" data-widget_type=\"text-editor.default\">\n\t\t\t\t<div class=\"elementor-widget-container\">\n\t\t\t\t\t\t\t\t\t<p>Wir bei Menzing sind stolz darauf, Branchen zu unterst\u00fctzen, in denen Pr\u00e4zision, Zuverl\u00e4ssigkeit und Innovation gefragt sind. Unsere Komponenten werden mit Sorgfalt und Fachwissen hergestellt und spielen eine entscheidende Rolle bei der Versorgung von Systemen und Prozessen in einer Reihe von Sektoren.<\/p>\t\t\t\t\t\t\t\t<\/div>\n\t\t\t\t<\/div>\n\t\t\t\t\t<\/div>\n\t\t<\/div>\n\t\t\t\t\t<\/div>\n\t\t<\/section>\n\t\t<div class=\"elementor-element elementor-element-ceadac7 e-flex e-con-boxed e-con e-parent\" data-id=\"ceadac7\" data-element_type=\"container\">\n\t\t\t\t\t<div class=\"e-con-inner\">\n\t\t<div class=\"elementor-element elementor-element-344e209 e-grid e-con-full e-con e-child\" data-id=\"344e209\" data-element_type=\"container\">\n\t\t\t\t<div class=\"elementor-element elementor-element-63cbde0 elementor-widget elementor-widget-image\" data-id=\"63cbde0\" data-element_type=\"widget\" data-widget_type=\"image.default\">\n\t\t\t\t<div class=\"elementor-widget-container\">\n\t\t\t\t\t\t\t\t\t\t\t\t\t\t\t<img decoding=\"async\" src=\"https:\/\/menzingmim.nl\/freshlabel\/wp-content\/uploads\/elementor\/thumbs\/Oil-and-gas-r2h69i7jvs2x5c9mvo8fssda5ga2rsit5qg68m59ww.webp\" title=\"\u00d6l und Gas\" alt=\"Oil and gas\" loading=\"lazy\" \/>\t\t\t\t\t\t\t\t\t\t\t\t\t\t\t<\/div>\n\t\t\t\t<\/div>\n\t\t\t\t<div class=\"elementor-element elementor-element-1474cd3 elementor-widget elementor-widget-image\" data-id=\"1474cd3\" data-element_type=\"widget\" data-widget_type=\"image.default\">\n\t\t\t\t<div class=\"elementor-widget-container\">\n\t\t\t\t\t\t\t\t\t\t\t\t\t\t\t<img decoding=\"async\" src=\"https:\/\/menzingmim.nl\/freshlabel\/wp-content\/uploads\/elementor\/thumbs\/Sea-Platform-Base-r2h69i7jvs2x5c9mvo8fssda5ga2rsit5qg68m59ww.jpg\" title=\"See-Plattform-Basis\" alt=\"Sea-Platform-Base\" loading=\"lazy\" \/>\t\t\t\t\t\t\t\t\t\t\t\t\t\t\t<\/div>\n\t\t\t\t<\/div>\n\t\t\t\t<div class=\"elementor-element elementor-element-3f0d0e5 elementor-widget elementor-widget-text-editor\" data-id=\"3f0d0e5\" data-element_type=\"widget\" data-widget_type=\"text-editor.default\">\n\t\t\t\t<div class=\"elementor-widget-container\">\n\t\t\t\t\t\t\t\t\t<h4>\u00d6l und Gas<\/h4><p>In der \u00d6l- und Gasindustrie liefern wir langlebige, leistungsstarke Komponenten, die extremen Bedingungen standhalten. Von der Erforschung bis zur Verarbeitung vertrauen Unternehmen auf unsere Ventile, Pumpen und Hochdruckteile, um die schwierigsten betrieblichen Herausforderungen zu meistern. Da 60% unserer Produktion diesem Sektor gewidmet sind, kennen wir seine einzigartigen Anforderungen sehr genau.<\/p>\t\t\t\t\t\t\t\t<\/div>\n\t\t\t\t<\/div>\n\t\t\t\t<div class=\"elementor-element elementor-element-6722a49 elementor-widget__width-auto elementor-widget elementor-widget-text-editor\" data-id=\"6722a49\" data-element_type=\"widget\" data-settings=\"{&quot;motion_fx_motion_fx_scrolling&quot;:&quot;yes&quot;,&quot;motion_fx_devices&quot;:[&quot;desktop&quot;,&quot;tablet&quot;,&quot;mobile&quot;]}\" data-widget_type=\"text-editor.default\">\n\t\t\t\t<div class=\"elementor-widget-container\">\n\t\t\t\t\t\t\t\t\t<h4>Tiefseetechnik und Offshore<\/h4><p>F\u00fcr die Unterwassertechnologie und Offshore Industrie liegt unsere Expertise in der Entwicklung von Komponenten, die dem immensen Druck und der korrosiven Umgebung unter Wasser standhalten. Ganz gleich, ob es sich um Unterwasserausr\u00fcstungen oder Fl\u00fcssigkeitssteuerungssysteme f\u00fcr Offshore-Plattformen handelt, unsere L\u00f6sungen sind so konstruiert, dass sie in einigen der rauesten Umgebungen der Welt einwandfrei funktionieren.<\/p>\t\t\t\t\t\t\t\t<\/div>\n\t\t\t\t<\/div>\n\t\t\t\t<div class=\"elementor-element elementor-element-31d6205 elementor-widget elementor-widget-image\" data-id=\"31d6205\" data-element_type=\"widget\" data-widget_type=\"image.default\">\n\t\t\t\t<div class=\"elementor-widget-container\">\n\t\t\t\t\t\t\t\t\t\t\t\t\t\t\t<img decoding=\"async\" src=\"https:\/\/menzingmim.nl\/freshlabel\/wp-content\/uploads\/elementor\/thumbs\/Untitled-design-18-r2h69i7jvs2x5c9mvo8fssda5ga2rsit5qg68m59ww.jpg\" title=\"Unbenannter Entwurf (18)\" alt=\"Untitled design (18)\" loading=\"lazy\" \/>\t\t\t\t\t\t\t\t\t\t\t\t\t\t\t<\/div>\n\t\t\t\t<\/div>\n\t\t\t\t<div class=\"elementor-element elementor-element-537038b elementor-widget elementor-widget-image\" data-id=\"537038b\" data-element_type=\"widget\" data-widget_type=\"image.default\">\n\t\t\t\t<div class=\"elementor-widget-container\">\n\t\t\t\t\t\t\t\t\t\t\t\t\t\t\t<img decoding=\"async\" src=\"https:\/\/menzingmim.nl\/freshlabel\/wp-content\/uploads\/elementor\/thumbs\/Untitled-design-17-r2h69i7jvs2x5c9mvo8fssda5ga2rsit5qg68m59ww.jpg\" title=\"Unbenannter Entwurf (17)\" alt=\"Untitled design (17)\" loading=\"lazy\" \/>\t\t\t\t\t\t\t\t\t\t\t\t\t\t\t<\/div>\n\t\t\t\t<\/div>\n\t\t\t\t<div class=\"elementor-element elementor-element-1d217cf elementor-widget elementor-widget-text-editor\" data-id=\"1d217cf\" data-element_type=\"widget\" data-widget_type=\"text-editor.default\">\n\t\t\t\t<div class=\"elementor-widget-container\">\n\t\t\t\t\t\t\t\t\t<h4>Lebensmittel- und Getr\u00e4nkeindustrie<\/h4><p>Die Lebensmittel- und Getr\u00e4nkeindustrie verl\u00e4sst sich auf uns, wenn es um sichere, pr\u00e4zise und zuverl\u00e4ssige Komponenten geht. Wir liefern Mischerbl\u00e4tter, Geh\u00e4use und Wellen, die den h\u00f6chsten Hygienestandards entsprechen und gleichzeitig die Effizienz der Produktion gew\u00e4hrleisten. Da wir uns 20% auf diesen Sektor konzentrieren, wissen wir, wie wichtig es ist, Konformit\u00e4t mit Haltbarkeit zu verbinden.<\/p>\t\t\t\t\t\t\t\t<\/div>\n\t\t\t\t<\/div>\n\t\t\t\t<div class=\"elementor-element elementor-element-f1a7917 elementor-widget elementor-widget-text-editor\" data-id=\"f1a7917\" data-element_type=\"widget\" data-widget_type=\"text-editor.default\">\n\t\t\t\t<div class=\"elementor-widget-container\">\n\t\t\t\t\t\t\t\t\t<h4>Industrielle Fertigung und Ger\u00e4te<\/h4><p>In der industriellen Fertigung und Ger\u00e4te sorgen unsere pr\u00e4zisionsgefertigten Komponenten f\u00fcr einen reibungslosen Betrieb der Systeme. Von Mischern \u00fcber Pumpen bis hin zu Spezialmaschinen - unsere Teile sind so konzipiert, dass sie die Leistung steigern und den harten Anforderungen industrieller Anwendungen standhalten. Durch die Verwendung exotischer Werkstoffe stellen wir sicher, dass Ihre Anlagen auch in den anspruchsvollsten Umgebungen zuverl\u00e4ssig funktionieren.<\/p>\t\t\t\t\t\t\t\t<\/div>\n\t\t\t\t<\/div>\n\t\t\t\t<\/div>\n\t\t\t\t\t<\/div>\n\t\t\t\t<\/div>\n\t\t<div class=\"elementor-element elementor-element-239e4a5 e-flex e-con-boxed e-con e-parent\" data-id=\"239e4a5\" data-element_type=\"container\">\n\t\t\t\t\t<div class=\"e-con-inner\">\n\t\t<div class=\"elementor-element elementor-element-3f620db e-grid e-con-full e-con e-child\" data-id=\"3f620db\" data-element_type=\"container\">\n\t\t\t\t<\/div>\n\t\t\t\t\t<\/div>\n\t\t\t\t<\/div>\n\t\t\t\t<\/div>","protected":false},"excerpt":{"rendered":"<p>Industries IndustriesWe Serve At Menzing, we are proud to support industries that demand precision, reliability, and innovation. Our components are crafted with care and expertise, playing a critical role in powering systems and processes across a range of sectors. Oil and Gas In the oil and gas industry, we deliver durable, high-performance components that can&#8230;<\/p>","protected":false},"author":1,"featured_media":0,"parent":6872,"menu_order":0,"comment_status":"closed","ping_status":"closed","template":"","meta":{"footnotes":""},"class_list":["post-5871","page","type-page","status-publish","hentry"],"yoast_head":"<!-- This site is optimized with the Yoast SEO plugin v24.2 - https:\/\/yoast.com\/wordpress\/plugins\/seo\/ -->\n<title>Industries - MZG<\/title>\n<meta name=\"robots\" content=\"index, follow, max-snippet:-1, max-image-preview:large, max-video-preview:-1\" \/>\n<link rel=\"canonical\" href=\"https:\/\/menzingmim.nl\/de\/services\/industries\/\" \/>\n<meta property=\"og:locale\" content=\"de_DE\" \/>\n<meta property=\"og:type\" content=\"article\" \/>\n<meta property=\"og:title\" content=\"Industries - MZG\" \/>\n<meta property=\"og:description\" content=\"Industries IndustriesWe Serve At Menzing, we are proud to support industries that demand precision, reliability, and innovation. Our components are crafted with care and expertise, playing a critical role in powering systems and processes across a range of sectors. Oil and Gas In the oil and gas industry, we deliver durable, high-performance components that can...\" \/>\n<meta property=\"og:url\" content=\"https:\/\/menzingmim.nl\/de\/services\/industries\/\" \/>\n<meta property=\"og:site_name\" content=\"MZG\" \/>\n<meta property=\"article:modified_time\" content=\"2025-03-02T23:15:43+00:00\" \/>\n<meta property=\"og:image\" content=\"https:\/\/menzingmim.nl\/freshlabel\/wp-content\/uploads\/elementor\/thumbs\/Oil-and-gas-r0g888u6s3p5jiwv2x7aqfpjc4ei395h5qn8wbhg8g.webp\" \/>\n<meta name=\"twitter:card\" content=\"summary_large_image\" \/>\n<meta name=\"twitter:label1\" content=\"Gesch\u00e4tzte Lesezeit\" \/>\n\t<meta name=\"twitter:data1\" content=\"2\u00a0Minuten\" \/>\n<script type=\"application\/ld+json\" class=\"yoast-schema-graph\">{\"@context\":\"https:\/\/schema.org\",\"@graph\":[{\"@type\":\"WebPage\",\"@id\":\"https:\/\/menzingmim.nl\/services\/industries\/\",\"url\":\"https:\/\/menzingmim.nl\/services\/industries\/\",\"name\":\"Industries - MZG\",\"isPartOf\":{\"@id\":\"https:\/\/menzingmim.nl\/#website\"},\"primaryImageOfPage\":{\"@id\":\"https:\/\/menzingmim.nl\/services\/industries\/#primaryimage\"},\"image\":{\"@id\":\"https:\/\/menzingmim.nl\/services\/industries\/#primaryimage\"},\"thumbnailUrl\":\"https:\/\/menzingmim.nl\/freshlabel\/wp-content\/uploads\/elementor\/thumbs\/Oil-and-gas-r0g888u6s3p5jiwv2x7aqfpjc4ei395h5qn8wbhg8g.webp\",\"datePublished\":\"2022-10-25T11:53:18+00:00\",\"dateModified\":\"2025-03-02T23:15:43+00:00\",\"breadcrumb\":{\"@id\":\"https:\/\/menzingmim.nl\/services\/industries\/#breadcrumb\"},\"inLanguage\":\"de\",\"potentialAction\":[{\"@type\":\"ReadAction\",\"target\":[\"https:\/\/menzingmim.nl\/services\/industries\/\"]}]},{\"@type\":\"ImageObject\",\"inLanguage\":\"de\",\"@id\":\"https:\/\/menzingmim.nl\/services\/industries\/#primaryimage\",\"url\":\"https:\/\/menzingmim.nl\/freshlabel\/wp-content\/uploads\/elementor\/thumbs\/Oil-and-gas-r0g888u6s3p5jiwv2x7aqfpjc4ei395h5qn8wbhg8g.webp\",\"contentUrl\":\"https:\/\/menzingmim.nl\/freshlabel\/wp-content\/uploads\/elementor\/thumbs\/Oil-and-gas-r0g888u6s3p5jiwv2x7aqfpjc4ei395h5qn8wbhg8g.webp\"},{\"@type\":\"BreadcrumbList\",\"@id\":\"https:\/\/menzingmim.nl\/services\/industries\/#breadcrumb\",\"itemListElement\":[{\"@type\":\"ListItem\",\"position\":1,\"name\":\"Home\",\"item\":\"https:\/\/menzingmim.nl\/\"},{\"@type\":\"ListItem\",\"position\":2,\"name\":\"Services\",\"item\":\"https:\/\/menzingmim.nl\/services\/\"},{\"@type\":\"ListItem\",\"position\":3,\"name\":\"Industries\"}]},{\"@type\":\"WebSite\",\"@id\":\"https:\/\/menzingmim.nl\/#website\",\"url\":\"https:\/\/menzingmim.nl\/\",\"name\":\"MZG\",\"description\":\"Engineering Your Mission: Precision in Every Piece\",\"publisher\":{\"@id\":\"https:\/\/menzingmim.nl\/#organization\"},\"potentialAction\":[{\"@type\":\"SearchAction\",\"target\":{\"@type\":\"EntryPoint\",\"urlTemplate\":\"https:\/\/menzingmim.nl\/?s={search_term_string}\"},\"query-input\":{\"@type\":\"PropertyValueSpecification\",\"valueRequired\":true,\"valueName\":\"search_term_string\"}}],\"inLanguage\":\"de\"},{\"@type\":\"Organization\",\"@id\":\"https:\/\/menzingmim.nl\/#organization\",\"name\":\"MZG\",\"url\":\"https:\/\/menzingmim.nl\/\",\"logo\":{\"@type\":\"ImageObject\",\"inLanguage\":\"de\",\"@id\":\"https:\/\/menzingmim.nl\/#\/schema\/logo\/image\/\",\"url\":\"https:\/\/menzingmim.nl\/freshlabel\/wp-content\/uploads\/2022\/09\/Body-2.png\",\"contentUrl\":\"https:\/\/menzingmim.nl\/freshlabel\/wp-content\/uploads\/2022\/09\/Body-2.png\",\"width\":300,\"height\":75,\"caption\":\"MZG\"},\"image\":{\"@id\":\"https:\/\/menzingmim.nl\/#\/schema\/logo\/image\/\"}}]}<\/script>\n<!-- \/ Yoast SEO plugin. -->","yoast_head_json":{"title":"Industries - MZG","robots":{"index":"index","follow":"follow","max-snippet":"max-snippet:-1","max-image-preview":"max-image-preview:large","max-video-preview":"max-video-preview:-1"},"canonical":"https:\/\/menzingmim.nl\/de\/services\/industries\/","og_locale":"de_DE","og_type":"article","og_title":"Industries - MZG","og_description":"Industries IndustriesWe Serve At Menzing, we are proud to support industries that demand precision, reliability, and innovation. Our components are crafted with care and expertise, playing a critical role in powering systems and processes across a range of sectors. Oil and Gas In the oil and gas industry, we deliver durable, high-performance components that can...","og_url":"https:\/\/menzingmim.nl\/de\/services\/industries\/","og_site_name":"MZG","article_modified_time":"2025-03-02T23:15:43+00:00","og_image":[{"url":"https:\/\/menzingmim.nl\/freshlabel\/wp-content\/uploads\/elementor\/thumbs\/Oil-and-gas-r0g888u6s3p5jiwv2x7aqfpjc4ei395h5qn8wbhg8g.webp","type":"","width":"","height":""}],"twitter_card":"summary_large_image","twitter_misc":{"Gesch\u00e4tzte Lesezeit":"2\u00a0Minuten"},"schema":{"@context":"https:\/\/schema.org","@graph":[{"@type":"WebPage","@id":"https:\/\/menzingmim.nl\/services\/industries\/","url":"https:\/\/menzingmim.nl\/services\/industries\/","name":"Industries - MZG","isPartOf":{"@id":"https:\/\/menzingmim.nl\/#website"},"primaryImageOfPage":{"@id":"https:\/\/menzingmim.nl\/services\/industries\/#primaryimage"},"image":{"@id":"https:\/\/menzingmim.nl\/services\/industries\/#primaryimage"},"thumbnailUrl":"https:\/\/menzingmim.nl\/freshlabel\/wp-content\/uploads\/elementor\/thumbs\/Oil-and-gas-r0g888u6s3p5jiwv2x7aqfpjc4ei395h5qn8wbhg8g.webp","datePublished":"2022-10-25T11:53:18+00:00","dateModified":"2025-03-02T23:15:43+00:00","breadcrumb":{"@id":"https:\/\/menzingmim.nl\/services\/industries\/#breadcrumb"},"inLanguage":"de","potentialAction":[{"@type":"ReadAction","target":["https:\/\/menzingmim.nl\/services\/industries\/"]}]},{"@type":"ImageObject","inLanguage":"de","@id":"https:\/\/menzingmim.nl\/services\/industries\/#primaryimage","url":"https:\/\/menzingmim.nl\/freshlabel\/wp-content\/uploads\/elementor\/thumbs\/Oil-and-gas-r0g888u6s3p5jiwv2x7aqfpjc4ei395h5qn8wbhg8g.webp","contentUrl":"https:\/\/menzingmim.nl\/freshlabel\/wp-content\/uploads\/elementor\/thumbs\/Oil-and-gas-r0g888u6s3p5jiwv2x7aqfpjc4ei395h5qn8wbhg8g.webp"},{"@type":"BreadcrumbList","@id":"https:\/\/menzingmim.nl\/services\/industries\/#breadcrumb","itemListElement":[{"@type":"ListItem","position":1,"name":"Home","item":"https:\/\/menzingmim.nl\/"},{"@type":"ListItem","position":2,"name":"Services","item":"https:\/\/menzingmim.nl\/services\/"},{"@type":"ListItem","position":3,"name":"Industries"}]},{"@type":"WebSite","@id":"https:\/\/menzingmim.nl\/#website","url":"https:\/\/menzingmim.nl\/","name":"MZG","description":"Engineering Your Mission: Precision in Every Piece","publisher":{"@id":"https:\/\/menzingmim.nl\/#organization"},"potentialAction":[{"@type":"SearchAction","target":{"@type":"EntryPoint","urlTemplate":"https:\/\/menzingmim.nl\/?s={search_term_string}"},"query-input":{"@type":"PropertyValueSpecification","valueRequired":true,"valueName":"search_term_string"}}],"inLanguage":"de"},{"@type":"Organization","@id":"https:\/\/menzingmim.nl\/#organization","name":"MZG","url":"https:\/\/menzingmim.nl\/","logo":{"@type":"ImageObject","inLanguage":"de","@id":"https:\/\/menzingmim.nl\/#\/schema\/logo\/image\/","url":"https:\/\/menzingmim.nl\/freshlabel\/wp-content\/uploads\/2022\/09\/Body-2.png","contentUrl":"https:\/\/menzingmim.nl\/freshlabel\/wp-content\/uploads\/2022\/09\/Body-2.png","width":300,"height":75,"caption":"MZG"},"image":{"@id":"https:\/\/menzingmim.nl\/#\/schema\/logo\/image\/"}}]}},"_links":{"self":[{"href":"https:\/\/menzingmim.nl\/de\/wp-json\/wp\/v2\/pages\/5871","targetHints":{"allow":["GET"]}}],"collection":[{"href":"https:\/\/menzingmim.nl\/de\/wp-json\/wp\/v2\/pages"}],"about":[{"href":"https:\/\/menzingmim.nl\/de\/wp-json\/wp\/v2\/types\/page"}],"author":[{"embeddable":true,"href":"https:\/\/menzingmim.nl\/de\/wp-json\/wp\/v2\/users\/1"}],"replies":[{"embeddable":true,"href":"https:\/\/menzingmim.nl\/de\/wp-json\/wp\/v2\/comments?post=5871"}],"version-history":[{"count":55,"href":"https:\/\/menzingmim.nl\/de\/wp-json\/wp\/v2\/pages\/5871\/revisions"}],"predecessor-version":[{"id":988090,"href":"https:\/\/menzingmim.nl\/de\/wp-json\/wp\/v2\/pages\/5871\/revisions\/988090"}],"up":[{"embeddable":true,"href":"https:\/\/menzingmim.nl\/de\/wp-json\/wp\/v2\/pages\/6872"}],"wp:attachment":[{"href":"https:\/\/menzingmim.nl\/de\/wp-json\/wp\/v2\/media?parent=5871"}],"curies":[{"name":"wp","href":"https:\/\/api.w.org\/{rel}","templated":true}]}}